{"id":2334,"date":"2021-12-30T08:45:16","date_gmt":"2021-12-30T07:45:16","guid":{"rendered":"https:\/\/www.campingaubonendroit.fr\/camping-familial-paray-le-monial\/"},"modified":"2025-07-30T15:48:04","modified_gmt":"2025-07-30T13:48:04","slug":"familienfreundlicher-campingplatz-paray-le-monial","status":"publish","type":"page","link":"https:\/\/www.campingaubonendroit.fr\/de\/familienfreundlicher-campingplatz-paray-le-monial\/","title":{"rendered":"Imbiss und Dienstleistungen"},"content":{"rendered":"<section id=\"section-61d2dc3bb1009\"\" class=\"section bg-white\" \/><div class=\"container\"><h1 class=\"element section-title center\">Campingplatz famili\u00e4r <span>in Paray-le-Monial<\/span><\/h1><\/div><\/section>\n\n<section id=\"section-61d2dc3bb113c\"\" class=\"section bg-color5\" \/><div class=\"container extralarge\"><div class=\"colonnes-wrap valign-middle \"><div class=\"element colonne \"><div class=\"element images\"><div class=\"image\"><img decoding=\"async\" src=\"https:\/\/www.campingaubonendroit.fr\/wp-content\/uploads\/2022\/02\/sejour-bourgogne-100x73.jpg\" data-src=\"https:\/\/www.campingaubonendroit.fr\/wp-content\/uploads\/2022\/02\/sejour-bourgogne.jpg\" alt=\"sejour bourgogne\" class=\"images_image\" \/><\/div><\/div><\/div><div class=\"element colonne \"><h2 class=\"element section-title center\">Unsere Dienstleistungen auf dem Campingplatz<\/h2><h3 class=\"element section-title left\">Touristische Informationsstelle<\/h3><div class=\"element bloc-text justify \">\n\t<p>Unser gesamtes Team freut sich, Sie auf dem <a href=\"\/de\">Campingplatz Au bon endroit<\/a>, f\u00fcr Ihren Aufenthalt in Burgund begr\u00fc\u00dfen zu d\u00fcrfen. Eine Region mit einem sch\u00f6nen Erbe, das es zu entdecken gilt. Wir beraten Sie gerne \u00fcber St\u00e4dte, D\u00f6rfer, Denkm\u00e4ler und Museen, die es zu entdecken gilt.<\/p>\n<p>Bitte z\u00f6gern Sie nicht, uns bei der Auswahl Ihrer Unterkunft zu kontaktieren. Auf unserem 3.5 Hektar gro\u00dfen Gel\u00e4nde mit vielen B\u00e4umen stehen Ihnen Stellpl\u00e4tze und Mobilheime zur Verf\u00fcgung, die mit allem Komfort ausgestattet sind.<\/p>\n<p>Der Empfang ist von 8 Uhr bis 12 Uhr und von 14 Uhr bis 19 Uhr ge\u00f6ffnet.<\/p>\n<\/div><\/div><\/div><\/div><\/section>\n\n<section id=\"section-61d2dc3bb1254\"\" class=\"section home-third bg-white section--has-bg-img\" \/><img decoding=\"async\" src=\"https:\/\/www.campingaubonendroit.fr\/wp-content\/uploads\/2022\/02\/epicerie-paray-le-monial-100x56.jpg\" data-src=\"https:\/\/www.campingaubonendroit.fr\/wp-content\/uploads\/2022\/02\/epicerie-paray-le-monial.jpg\" alt=\"epicerie paray le monial\" class=\"section_bg-img\" data-opacite=\"1\"\/><div class=\"container large\"><h3 class=\"element section-title center\">Lebensmittelgesch\u00e4ft in Paray-le-Monial<\/h3><div class=\"element bloc-text center \">\n\t<p>Sie m\u00fcssen den Campingplatz nicht mehr verlassen, um Ihre Eink\u00e4ufe zu erledigen! Auf dem Gel\u00e4nde des Campingplatzes gibt es einen Lebensmittelladen mit regionalen Produkten f\u00fcr den t\u00e4glichen Bedarf und eine B\u00e4ckerei, die jeden Morgen Brot anbietet.<br \/>\nReservieren Sie Ihr Geb\u00e4ck und Ihr Brot am Vortag, damit Sie fr\u00fch morgens ein frisches Fr\u00fchst\u00fcck haben. Abzuholen von 8:00 bis 10:00 Uhr.<br \/>\nDer Lebensmittelladen ist t\u00e4glich von 8:00 bis 19:00 Uhr ge\u00f6ffnet.<\/p>\n<\/div><\/div><\/section>\n\n<section id=\"section-g2\"\" class=\"section bg-color1\" \/><div class=\"container extralarge\"><div class=\"colonnes-wrap valign-middle \"><div class=\"element colonne \"><h3 class=\"element section-title center\">Wifi<\/h3><div class=\"element bloc-text justify \">\n\t<p>Das <strong class=\"bold color2\">WLAN ist in einigen Bereichen des Campingplatzes kostenlos zug\u00e4nglich<\/strong>: Snackbar, Schwimmbad und Sanit\u00e4ranlagen.<\/p>\n<\/div><h3 class=\"element section-title center\">Servicebereich<\/h3><div class=\"element bloc-text justify \">\n\t<p>Reisen Sie mit Ihrem eigenen Wohnmobil? Eine <strong class=\"bold color2\">Servicebereich steht Ihnen zur Verf\u00fcgung<\/strong>.<\/p>\n<\/div><\/div><div class=\"element colonne \"><div class=\"element images\"><div class=\"image\"><img decoding=\"async\" src=\"https:\/\/www.campingaubonendroit.fr\/wp-content\/uploads\/2022\/02\/camping-wifi-bourgogne-100x73.jpg\" data-src=\"https:\/\/www.campingaubonendroit.fr\/wp-content\/uploads\/2022\/02\/camping-wifi-bourgogne.jpg\" alt=\"camping wifi bourgogne\" class=\"images_image\" \/><\/div><\/div><\/div><\/div><\/div><\/section>\n\n<section id=\"section-g1\"\" class=\"section bg-color5\" \/><div class=\"container extralarge\"><div class=\"colonnes-wrap valign-middle \"><div class=\"element colonne \"><div class=\"element images\"><div class=\"image\"><img decoding=\"async\" src=\"https:\/\/www.campingaubonendroit.fr\/wp-content\/uploads\/2022\/02\/laverie-paray-le-monial-100x73.jpg\" data-src=\"https:\/\/www.campingaubonendroit.fr\/wp-content\/uploads\/2022\/02\/laverie-paray-le-monial.jpg\" alt=\"laverie paray le monial\" class=\"images_image\" \/><\/div><\/div><\/div><div class=\"element colonne \"><h3 class=\"element section-title center\">Die W\u00e4scherei<\/h3><div class=\"element bloc-text justify \">\n\t<p>In der Unterkunft oder auf dem Stellplatz haben Sie Zugang zu unseren zwei Waschk\u00fcchen mit Trockner zum Preis von :<\/p>\n<ul>\n<li>6\u20ac die Waschmaschine<\/li>\n<li>5\u20ac der W\u00e4schetrockner<\/li>\n<li>1\u20ac die Dosis Waschmittel<\/li>\n<\/ul>\n<\/div><\/div><\/div><\/div><\/section>\n\n<section id=\"section-g4\"\" class=\"section home-third bg-white section--has-bg-img\" \/><img decoding=\"async\" src=\"https:\/\/www.campingaubonendroit.fr\/wp-content\/uploads\/2022\/02\/camping-sanitaires-qualite-paray-le-monial-100x56.jpg\" data-src=\"https:\/\/www.campingaubonendroit.fr\/wp-content\/uploads\/2022\/02\/camping-sanitaires-qualite-paray-le-monial.jpg\" alt=\"camping sanitaires qualite paray le monial\" class=\"section_bg-img\" data-opacite=\"1\"\/><div class=\"container large\"><h3 class=\"element section-title center\">Unsere sanit\u00e4ren Einrichtungen<\/h3><div class=\"element bloc-text center \">\n\t<p>In der N\u00e4he deines Stellplatzes findest du <strong class=\"bold color1\">3 Sanit\u00e4ranlagen<\/strong>.<br \/>\nIn der Nebensaison ist einer unserer Bl\u00f6cke beheizt und verf\u00fcgt \u00fcber eine <strong class=\"bold color1\">Waschk\u00fcche<\/strong>.<br \/>\nEin zweites umfasst eine <strong class=\"bold color1\">Schwester<\/strong> und ein drittes ist <strong class=\"bold color1\">PMR-zug\u00e4nglich<\/strong>.<\/p>\n<\/div><\/div><\/section>\n\n<section id=\"section-61d2dc3bb1361\"\" class=\"section bg-color1\" \/><div class=\"container extralarge\"><div class=\"colonnes-wrap valign-middle \"><div class=\"element colonne \"><h3 class=\"element section-title center\">Zus\u00e4tzliche Anmietungen<\/h3><div class=\"element bloc-text justify \">\n\t<p>Um es noch praktischer zu machen, k\u00f6nnen Sie <strong class=\"bold color2\">zus\u00e4tzlich mieten<\/strong> :<\/p>\n<ul>\n<li>ein Babyset (Badewanne, Hochstuhl, Regenschirmbett mit Matratze) f\u00fcr 6\u20ac \/ Tag.<\/li>\n<li>Fahrr\u00e4der f\u00fcr Kinder und Erwachsene<\/li>\n<\/ul>\n<p>Und, speziell f\u00fcr unsere Urlauber in Unterk\u00fcnften :<\/p>\n<ul>\n<li>Bettw\u00e4sche f\u00fcr 1 Person \u00e0 10\u20ac oder 2 Personen \u00e0 12\u20ac.<\/li>\n<li>Handt\u00fccher<\/li>\n<li>K\u00fcchenw\u00e4sche<\/li>\n<\/ul>\n<p>Die <strong class=\"bold color2\">Leistungen &#8222;Bezogene Betten bei Ankunft&#8220; und &#8222;Endreinigung&#8220;<\/strong> werden Ihnen ebenfalls angeboten.<\/p>\n<\/div><\/div><div class=\"element colonne \"><div class=\"element images\"><div class=\"image\"><img decoding=\"async\" src=\"https:\/\/www.campingaubonendroit.fr\/wp-content\/uploads\/2022\/02\/location-draps-camping-100x73.jpg\" data-src=\"https:\/\/www.campingaubonendroit.fr\/wp-content\/uploads\/2022\/02\/location-draps-camping.jpg\" alt=\"location draps camping\" class=\"images_image\" \/><\/div><\/div><\/div><\/div><\/div><\/section>\n\n<section id=\"section-g3\"\" class=\"section bg-color5\" \/><div class=\"container extralarge\"><div class=\"colonnes-wrap valign-middle \"><div class=\"element colonne \"><div class=\"element images\"><div class=\"image\"><img decoding=\"async\" src=\"https:\/\/www.campingaubonendroit.fr\/wp-content\/uploads\/2022\/02\/camping-laveerie-paray-le-monial-100x73.jpg\" data-src=\"https:\/\/www.campingaubonendroit.fr\/wp-content\/uploads\/2022\/02\/camping-laveerie-paray-le-monial.jpg\" alt=\"camping laverie paray le monial\" class=\"images_image\" \/><\/div><\/div><\/div><div class=\"element colonne \"><h3 class=\"element section-title center\">Unsere Leihger\u00e4te<\/h3><div class=\"element bloc-text justify \">\n\t<p>Als, Leihgabe bieten wir Ihnen au\u00dferdem :<\/p>\n<ul>\n<li><strong class=\"bold color1\">Haartrockner<\/strong><\/li>\n<li><strong class=\"bold color1\">B\u00fcgelbrett und B\u00fcgeleisen<\/strong><\/li>\n<\/ul>\n<p><strong class=\"bold color1\">K\u00fchlschr\u00e4nke, Gefrierschr\u00e4nke und Mikrowellen werden Ihnen<\/strong> in einem Sanit\u00e4rblock zur Verf\u00fcgung gestellt.<\/p>\n<\/div><\/div><\/div><\/div><\/section>\n\n<section id=\"section-g9\"\" class=\"section home-third bg-white section--has-bg-img\" \/><img decoding=\"async\" src=\"https:\/\/www.campingaubonendroit.fr\/wp-content\/uploads\/2022\/02\/camping-petanque-bourgogne-1-100x56.jpg\" data-src=\"https:\/\/www.campingaubonendroit.fr\/wp-content\/uploads\/2022\/02\/camping-petanque-bourgogne-1.jpg\" alt=\"camping petanque bourgogne\" class=\"section_bg-img\" data-opacite=\"1\"\/><div class=\"container large\"><h2 class=\"element section-title center\">Campingplatz mit Aktivit\u00e4ten in Burgund<\/h2><div class=\"element bloc-text center \">\n\t<p>W\u00e4hrend sich Ihre Kinder auf dem <strong class=\"bold color1\">Spielplatz<\/strong> mit Schaukeln und Rutschen mit ihren neuen Freunden vergn\u00fcgen, <strong class=\"bold color1\">k\u00e4mpfen Sie gegeneinander bei einer Partie Tischtennis, Boccia oder Home Ball.<\/strong>.<\/p>\n<p>Als Leihgabe gegen Kaution bieten wir Ihnen das n\u00f6tige Sportmaterial, um eine Partie Petanque, Tischtennis, &#8230; zu spielen.<\/p>\n<\/div><\/div><\/section>\n\n<section id=\"section-g8\"\" class=\"section bg-color5\" \/><div class=\"container extralarge\"><div class=\"colonnes-wrap valign-middle \"><div class=\"element colonne \"><div class=\"element images\"><div class=\"image\"><img decoding=\"async\" src=\"https:\/\/www.campingaubonendroit.fr\/wp-content\/uploads\/2022\/02\/camping-activites-paray-le-monial-100x73.jpg\" data-src=\"https:\/\/www.campingaubonendroit.fr\/wp-content\/uploads\/2022\/02\/camping-activites-paray-le-monial.jpg\" alt=\"camping activites paray le monial\" class=\"images_image\" \/><\/div><\/div><\/div><div class=\"element colonne \"><h2 class=\"element section-title center\">Unser Aktivit\u00e4tsraum<\/h2><div class=\"element bloc-text justify \">\n\t<p>Haben Sie Lust, sich auf einer Sonnenliege am Pool zu entspannen? <strong class=\"bold color2\">Leihen Sie sich ein Buch aus der Bibliothek aus<\/strong>.<\/p>\n<p>An regnerischen Tagen sind unser <strong class=\"bold color2\">TV-Raum und unser Klavier<\/strong> ideal f\u00fcr einen Abend im Warmen oder bei musikalischen Kl\u00e4ngen mit anderen Campern.<\/p>\n<p>Und leihen Sie sich auch ein <strong class=\"bold color2\">Gesellschaftsspiel<\/strong> f\u00fcr einen lustigen Familienabend in Ihrer Mietunterkunft aus.<\/p>\n<p>Unser Aktivit\u00e4tsraum ist von 8:00 bis 19:00 Uhr ge\u00f6ffnet, bei Veranstaltungen, die im Fernsehen \u00fcbertragen werden, auch l\u00e4nger.<\/p>\n<\/div><\/div><\/div><\/div><\/section>\n\n<section id=\"section-g24\"\" class=\"section bg-color1\" \/><div class=\"container extralarge\"><div class=\"colonnes-wrap valign-middle \"><div class=\"element colonne \"><h2 class=\"element section-title center\">Verpflegung in Paray-le-Monial<\/h2><div class=\"element bloc-text justify \">\n\t<p>G\u00f6nnen Sie sich eine entspannende Pause an der Snackbar des Campingplatzes. Zum Mitnehmen oder zum Verzehr vor Ort bieten wir Ihnen H\u00e4hnchen nach baskischer Art, Rindfleisch nach Burgunder Art, ein vegetarisches Men\u00fc &#8230; Waffeln, Eis und Getr\u00e4nke.<\/p>\n<\/div><\/div><div class=\"element colonne \"><div class=\"element images\"><div class=\"image\"><img decoding=\"async\" src=\"https:\/\/www.campingaubonendroit.fr\/wp-content\/uploads\/2022\/02\/restauration-bourgogne-100x73.jpg\" data-src=\"https:\/\/www.campingaubonendroit.fr\/wp-content\/uploads\/2022\/02\/restauration-bourgogne.jpg\" alt=\"restauration bourgogne\" class=\"images_image\" \/><\/div><\/div><\/div><\/div><\/div><\/section>\n\n<section id=\"section-61d2dc3bb1474\"\" class=\"section bg-white\" \/><div class=\"container extralarge\"><div class=\"element section-title center\">Unser Pool und unsere Unterk\u00fcnfte in Paray le Monial<\/div><ul class=\"liste-de-page\"><li class=\"element call-to-action carre call-to-action--style-1 call-to-action--big\"><a href=\"https:\/\/www.campingaubonendroit.fr\/de\/campingplatz-schwimmbad-paray-le-monial\/\"  class=\"call-to-action_link\" title=\"En savoir plus sur schwimmbad\"><div class=\"call-to-action_image\"><img decoding=\"async\" src=\"https:\/\/www.campingaubonendroit.fr\/wp-content\/uploads\/2022\/01\/banner-camping-piscine-100x26.jpg\" data-src=\"https:\/\/www.campingaubonendroit.fr\/wp-content\/uploads\/2022\/01\/banner-camping-piscine.jpg\" alt=\"camping piscine bourgogne\" class=\"big\" \/><\/div><div class=\"call-to-action_contenu\"><div class=\"call-to-action_titre\"><span>+<\/span>Schwimmbad<\/div><\/div><\/a><\/li><li class=\"element call-to-action carre call-to-action--style-1 call-to-action--big call-to-action--style-1 call-to-action--big\"><a href=\"https:\/\/www.campingaubonendroit.fr\/de\/vermietung-mobilheim-paray-le-monial\/\"  class=\"call-to-action_link\" title=\"En savoir plus sur unsere mobilheime\"><div class=\"call-to-action_image\"><img decoding=\"async\" src=\"https:\/\/www.campingaubonendroit.fr\/wp-content\/uploads\/2022\/12\/IMG_2484-3-100x100.jpg\" data-src=\"https:\/\/www.campingaubonendroit.fr\/wp-content\/uploads\/2022\/12\/IMG_2484-3.jpg\" alt=\"\" class=\"big\" \/><\/div><div class=\"call-to-action_contenu\"><div class=\"call-to-action_titre\"><span>+<\/span>Unsere Mobilheime<\/div><\/div><\/a><\/li><li class=\"element call-to-action carre call-to-action--style-1 call-to-action--big call-to-action--style-1 call-to-action--big call-to-action--style-1 call-to-action--big\"><a href=\"https:\/\/www.campingaubonendroit.fr\/de\/gunstiger-campingplatz-paray-le-monial\/\"  class=\"call-to-action_link\" title=\"En savoir plus sur tarife und angebote\"><div class=\"call-to-action_image\"><img decoding=\"async\" src=\"https:\/\/www.campingaubonendroit.fr\/wp-content\/uploads\/2022\/01\/tente-camping-bon-endroit-100x37.jpg\" data-src=\"https:\/\/www.campingaubonendroit.fr\/wp-content\/uploads\/2022\/01\/tente-camping-bon-endroit.jpg\" alt=\"emplacement tente bourgogne\" class=\"big\" \/><\/div><div class=\"call-to-action_contenu\"><div class=\"call-to-action_titre\"><span>+<\/span>Tarife und Angebote<\/div><\/div><\/a><\/li><\/ul><\/div><\/section>","protected":false},"excerpt":{"rendered":"","protected":false},"author":1,"featured_media":2127,"parent":0,"menu_order":0,"comment_status":"closed","ping_status":"closed","template":"","meta":{"_acf_changed":false,"footnotes":""},"class_list":["post-2334","page","type-page","status-publish","has-post-thumbnail","hentry"],"acf":[],"yoast_head":"<!-- This site is optimized with the Yoast SEO plugin v25.3 - https:\/\/yoast.com\/wordpress\/plugins\/seo\/ -->\n<title>Familiencamping mit Aktivit\u00e4ten Burgund | Restauration Paray-le-Monial<\/title>\n<meta name=\"robots\" content=\"index, follow, max-snippet:-1, max-image-preview:large, max-video-preview:-1\" \/>\n<link rel=\"canonical\" href=\"https:\/\/www.campingaubonendroit.fr\/de\/familienfreundlicher-campingplatz-paray-le-monial\/\" \/>\n<meta property=\"og:locale\" content=\"de_DE\" \/>\n<meta property=\"og:type\" content=\"article\" \/>\n<meta property=\"og:title\" content=\"Familiencamping mit Aktivit\u00e4ten Burgund | Restauration Paray-le-Monial\" \/>\n<meta property=\"og:url\" content=\"https:\/\/www.campingaubonendroit.fr\/de\/familienfreundlicher-campingplatz-paray-le-monial\/\" \/>\n<meta property=\"og:site_name\" content=\"Camping Bon Endroit\" \/>\n<meta property=\"article:modified_time\" content=\"2025-07-30T13:48:04+00:00\" \/>\n<meta property=\"og:image\" content=\"https:\/\/www.campingaubonendroit.fr\/wp-content\/uploads\/2022\/02\/camping-familial-bourgogne.jpg\" \/>\n\t<meta property=\"og:image:width\" content=\"1900\" \/>\n\t<meta property=\"og:image:height\" content=\"500\" \/>\n\t<meta property=\"og:image:type\" content=\"image\/jpeg\" \/>\n<meta name=\"twitter:card\" content=\"summary_large_image\" \/>\n<meta name=\"twitter:label1\" content=\"Gesch\u00e4tzte Lesezeit\" \/>\n\t<meta name=\"twitter:data1\" content=\"1\u00a0Minute\" \/>\n<script type=\"application\/ld+json\" class=\"yoast-schema-graph\">{\"@context\":\"https:\/\/schema.org\",\"@graph\":[{\"@type\":\"WebPage\",\"@id\":\"https:\/\/www.campingaubonendroit.fr\/de\/familienfreundlicher-campingplatz-paray-le-monial\/\",\"url\":\"https:\/\/www.campingaubonendroit.fr\/de\/familienfreundlicher-campingplatz-paray-le-monial\/\",\"name\":\"Familiencamping mit Aktivit\u00e4ten Burgund | Restauration Paray-le-Monial\",\"isPartOf\":{\"@id\":\"https:\/\/www.campingaubonendroit.fr\/de\/#website\"},\"primaryImageOfPage\":{\"@id\":\"https:\/\/www.campingaubonendroit.fr\/de\/familienfreundlicher-campingplatz-paray-le-monial\/#primaryimage\"},\"image\":{\"@id\":\"https:\/\/www.campingaubonendroit.fr\/de\/familienfreundlicher-campingplatz-paray-le-monial\/#primaryimage\"},\"thumbnailUrl\":\"https:\/\/www.campingaubonendroit.fr\/wp-content\/uploads\/2022\/02\/camping-familial-bourgogne.jpg\",\"datePublished\":\"2021-12-30T07:45:16+00:00\",\"dateModified\":\"2025-07-30T13:48:04+00:00\",\"breadcrumb\":{\"@id\":\"https:\/\/www.campingaubonendroit.fr\/de\/familienfreundlicher-campingplatz-paray-le-monial\/#breadcrumb\"},\"inLanguage\":\"de\",\"potentialAction\":[{\"@type\":\"ReadAction\",\"target\":[\"https:\/\/www.campingaubonendroit.fr\/de\/familienfreundlicher-campingplatz-paray-le-monial\/\"]}]},{\"@type\":\"ImageObject\",\"inLanguage\":\"de\",\"@id\":\"https:\/\/www.campingaubonendroit.fr\/de\/familienfreundlicher-campingplatz-paray-le-monial\/#primaryimage\",\"url\":\"https:\/\/www.campingaubonendroit.fr\/wp-content\/uploads\/2022\/02\/camping-familial-bourgogne.jpg\",\"contentUrl\":\"https:\/\/www.campingaubonendroit.fr\/wp-content\/uploads\/2022\/02\/camping-familial-bourgogne.jpg\",\"width\":1900,\"height\":500,\"caption\":\"camping familial bourgogne\"},{\"@type\":\"BreadcrumbList\",\"@id\":\"https:\/\/www.campingaubonendroit.fr\/de\/familienfreundlicher-campingplatz-paray-le-monial\/#breadcrumb\",\"itemListElement\":[{\"@type\":\"ListItem\",\"position\":1,\"name\":\"Campingplatz Bourgogne\",\"item\":\"https:\/\/www.campingaubonendroit.fr\/de\/\"},{\"@type\":\"ListItem\",\"position\":2,\"name\":\"Campingplatz mit Aktivit\u00e4ten in Burgund\"}]},{\"@type\":\"WebSite\",\"@id\":\"https:\/\/www.campingaubonendroit.fr\/de\/#website\",\"url\":\"https:\/\/www.campingaubonendroit.fr\/de\/\",\"name\":\"Camping Bon Endroit\",\"description\":\"\",\"publisher\":{\"@id\":\"https:\/\/www.campingaubonendroit.fr\/de\/#organization\"},\"potentialAction\":[{\"@type\":\"SearchAction\",\"target\":{\"@type\":\"EntryPoint\",\"urlTemplate\":\"https:\/\/www.campingaubonendroit.fr\/de\/?s={search_term_string}\"},\"query-input\":{\"@type\":\"PropertyValueSpecification\",\"valueRequired\":true,\"valueName\":\"search_term_string\"}}],\"inLanguage\":\"de\"},{\"@type\":\"Organization\",\"@id\":\"https:\/\/www.campingaubonendroit.fr\/de\/#organization\",\"name\":\"Camping Au Bon Endroit\",\"url\":\"https:\/\/www.campingaubonendroit.fr\/de\/\",\"logo\":{\"@type\":\"ImageObject\",\"inLanguage\":\"de\",\"@id\":\"https:\/\/www.campingaubonendroit.fr\/de\/#\/schema\/logo\/image\/\",\"url\":\"https:\/\/www.campingaubonendroit.fr\/wp-content\/uploads\/2021\/12\/camping-bon-endroit-logo.png\",\"contentUrl\":\"https:\/\/www.campingaubonendroit.fr\/wp-content\/uploads\/2021\/12\/camping-bon-endroit-logo.png\",\"width\":274,\"height\":222,\"caption\":\"Camping Au Bon Endroit\"},\"image\":{\"@id\":\"https:\/\/www.campingaubonendroit.fr\/de\/#\/schema\/logo\/image\/\"}}]}<\/script>\n<!-- \/ Yoast SEO plugin. -->","yoast_head_json":{"title":"Familiencamping mit Aktivit\u00e4ten Burgund | Restauration Paray-le-Monial","robots":{"index":"index","follow":"follow","max-snippet":"max-snippet:-1","max-image-preview":"max-image-preview:large","max-video-preview":"max-video-preview:-1"},"canonical":"https:\/\/www.campingaubonendroit.fr\/de\/familienfreundlicher-campingplatz-paray-le-monial\/","og_locale":"de_DE","og_type":"article","og_title":"Familiencamping mit Aktivit\u00e4ten Burgund | Restauration Paray-le-Monial","og_url":"https:\/\/www.campingaubonendroit.fr\/de\/familienfreundlicher-campingplatz-paray-le-monial\/","og_site_name":"Camping Bon Endroit","article_modified_time":"2025-07-30T13:48:04+00:00","og_image":[{"width":1900,"height":500,"url":"https:\/\/www.campingaubonendroit.fr\/wp-content\/uploads\/2022\/02\/camping-familial-bourgogne.jpg","type":"image\/jpeg"}],"twitter_card":"summary_large_image","twitter_misc":{"Gesch\u00e4tzte Lesezeit":"1\u00a0Minute"},"schema":{"@context":"https:\/\/schema.org","@graph":[{"@type":"WebPage","@id":"https:\/\/www.campingaubonendroit.fr\/de\/familienfreundlicher-campingplatz-paray-le-monial\/","url":"https:\/\/www.campingaubonendroit.fr\/de\/familienfreundlicher-campingplatz-paray-le-monial\/","name":"Familiencamping mit Aktivit\u00e4ten Burgund | Restauration Paray-le-Monial","isPartOf":{"@id":"https:\/\/www.campingaubonendroit.fr\/de\/#website"},"primaryImageOfPage":{"@id":"https:\/\/www.campingaubonendroit.fr\/de\/familienfreundlicher-campingplatz-paray-le-monial\/#primaryimage"},"image":{"@id":"https:\/\/www.campingaubonendroit.fr\/de\/familienfreundlicher-campingplatz-paray-le-monial\/#primaryimage"},"thumbnailUrl":"https:\/\/www.campingaubonendroit.fr\/wp-content\/uploads\/2022\/02\/camping-familial-bourgogne.jpg","datePublished":"2021-12-30T07:45:16+00:00","dateModified":"2025-07-30T13:48:04+00:00","breadcrumb":{"@id":"https:\/\/www.campingaubonendroit.fr\/de\/familienfreundlicher-campingplatz-paray-le-monial\/#breadcrumb"},"inLanguage":"de","potentialAction":[{"@type":"ReadAction","target":["https:\/\/www.campingaubonendroit.fr\/de\/familienfreundlicher-campingplatz-paray-le-monial\/"]}]},{"@type":"ImageObject","inLanguage":"de","@id":"https:\/\/www.campingaubonendroit.fr\/de\/familienfreundlicher-campingplatz-paray-le-monial\/#primaryimage","url":"https:\/\/www.campingaubonendroit.fr\/wp-content\/uploads\/2022\/02\/camping-familial-bourgogne.jpg","contentUrl":"https:\/\/www.campingaubonendroit.fr\/wp-content\/uploads\/2022\/02\/camping-familial-bourgogne.jpg","width":1900,"height":500,"caption":"camping familial bourgogne"},{"@type":"BreadcrumbList","@id":"https:\/\/www.campingaubonendroit.fr\/de\/familienfreundlicher-campingplatz-paray-le-monial\/#breadcrumb","itemListElement":[{"@type":"ListItem","position":1,"name":"Campingplatz Bourgogne","item":"https:\/\/www.campingaubonendroit.fr\/de\/"},{"@type":"ListItem","position":2,"name":"Campingplatz mit Aktivit\u00e4ten in Burgund"}]},{"@type":"WebSite","@id":"https:\/\/www.campingaubonendroit.fr\/de\/#website","url":"https:\/\/www.campingaubonendroit.fr\/de\/","name":"Camping Bon Endroit","description":"","publisher":{"@id":"https:\/\/www.campingaubonendroit.fr\/de\/#organization"},"potentialAction":[{"@type":"SearchAction","target":{"@type":"EntryPoint","urlTemplate":"https:\/\/www.campingaubonendroit.fr\/de\/?s={search_term_string}"},"query-input":{"@type":"PropertyValueSpecification","valueRequired":true,"valueName":"search_term_string"}}],"inLanguage":"de"},{"@type":"Organization","@id":"https:\/\/www.campingaubonendroit.fr\/de\/#organization","name":"Camping Au Bon Endroit","url":"https:\/\/www.campingaubonendroit.fr\/de\/","logo":{"@type":"ImageObject","inLanguage":"de","@id":"https:\/\/www.campingaubonendroit.fr\/de\/#\/schema\/logo\/image\/","url":"https:\/\/www.campingaubonendroit.fr\/wp-content\/uploads\/2021\/12\/camping-bon-endroit-logo.png","contentUrl":"https:\/\/www.campingaubonendroit.fr\/wp-content\/uploads\/2021\/12\/camping-bon-endroit-logo.png","width":274,"height":222,"caption":"Camping Au Bon Endroit"},"image":{"@id":"https:\/\/www.campingaubonendroit.fr\/de\/#\/schema\/logo\/image\/"}}]}},"_links":{"self":[{"href":"https:\/\/www.campingaubonendroit.fr\/de\/wp-json\/wp\/v2\/pages\/2334"}],"collection":[{"href":"https:\/\/www.campingaubonendroit.fr\/de\/wp-json\/wp\/v2\/pages"}],"about":[{"href":"https:\/\/www.campingaubonendroit.fr\/de\/wp-json\/wp\/v2\/types\/page"}],"author":[{"embeddable":true,"href":"https:\/\/www.campingaubonendroit.fr\/de\/wp-json\/wp\/v2\/users\/1"}],"replies":[{"embeddable":true,"href":"https:\/\/www.campingaubonendroit.fr\/de\/wp-json\/wp\/v2\/comments?post=2334"}],"version-history":[{"count":22,"href":"https:\/\/www.campingaubonendroit.fr\/de\/wp-json\/wp\/v2\/pages\/2334\/revisions"}],"predecessor-version":[{"id":3042,"href":"https:\/\/www.campingaubonendroit.fr\/de\/wp-json\/wp\/v2\/pages\/2334\/revisions\/3042"}],"wp:featuredmedia":[{"embeddable":true,"href":"https:\/\/www.campingaubonendroit.fr\/de\/wp-json\/wp\/v2\/media\/2127"}],"wp:attachment":[{"href":"https:\/\/www.campingaubonendroit.fr\/de\/wp-json\/wp\/v2\/media?parent=2334"}],"curies":[{"name":"wp","href":"https:\/\/api.w.org\/{rel}","templated":true}]}}