{"id":2364,"date":"2021-12-30T08:46:13","date_gmt":"2021-12-30T07:46:13","guid":{"rendered":"https:\/\/www.campingaubonendroit.fr\/tourism-bourgogne\/"},"modified":"2025-07-31T10:12:53","modified_gmt":"2025-07-31T08:12:53","slug":"tourismus-burgund","status":"publish","type":"page","link":"https:\/\/www.campingaubonendroit.fr\/de\/tourismus-burgund\/","title":{"rendered":"Bourgogne"},"content":{"rendered":"<section id=\"section-61d2dc3bb1009\"\" class=\"section bg-white\" \/><div class=\"container\"><h1 class=\"element section-title center m-t-0 m-b-0\">Tourismus <span>in Burgund<\/span><\/h1><\/div><\/section>\n\n<section id=\"section-61d2dc3bb113c\"\" class=\"section bg-color5\" \/><div class=\"container extralarge\"><div class=\"colonnes-wrap valign-top \"><div class=\"element colonne \"><div class=\"element images\"><div class=\"image\"><img decoding=\"async\" src=\"https:\/\/www.campingaubonendroit.fr\/wp-content\/uploads\/2022\/01\/bourgogne-vignoble-raisin-100x67.jpg\" data-src=\"https:\/\/www.campingaubonendroit.fr\/wp-content\/uploads\/2022\/01\/bourgogne-vignoble-raisin.jpg\" alt=\"bourgogne vignoble raisin\" class=\"images_image\" \/><\/div><\/div><\/div><div class=\"element colonne \"><h2 class=\"element section-title center\">Vorstellung der Region<\/h2><div class=\"element bloc-text justify \">\n\t<p>Burgund ist eine Region, in der die landschaftliche Vielfalt, die wundersch\u00f6ne Umgebung und die Natur wild und gesch\u00fctzt sind.<\/p>\n<p>Unser <a href=\"\/de\">Campingplatz in Paray-le-Monial<\/a> liegt inmitten dieser reichen und au\u00dfergew\u00f6hnlichen Natur. Er liegt am Ufer des Flusses Bourbince und 2,3 km vom Stadtzentrum entfernt und ist ideal gelegen, um die Region zu erkunden.<\/p>\n<p>Die Region Burgund, die f\u00fcr ihre Weine, ihre <strong class=\"bold color1\">burgundischen Schnecken<\/strong> und ihren Dijon-Senf ber\u00fchmt ist, ist ein Reiseziel mit gro\u00dfem Potenzial. Mit ihrem Fest der Transhumanz, ihren lokalen M\u00e4rkten, der Abtei von Fontenay, ihrer Basilika und dem H\u00fcgel von V\u00e9zelay ist Burgund eine Region, die man am besten mit der ganzen Familie entdeckt, um von einer gesunden Umwelt zu profitieren, die zum Auftanken, Entdecken und zu Familienaktivit\u00e4ten einl\u00e4dt.<\/p>\n<p>Die Region Burgund wurde von Lonely Planet wegen ihrer weltber\u00fchmten Gastronomie und Weine, aber auch wegen ihrer wundersch\u00f6nen Naturlandschaften in die Top 10 der weltweit sehenswerten Regionen gew\u00e4hlt.<\/p>\n<\/div><\/div><\/div><\/div><\/section>\n\n<section id=\"section-61d2dc3bb1254\"\" class=\"section home-third bg-white section--has-bg-img\" \/><img decoding=\"async\" src=\"https:\/\/www.campingaubonendroit.fr\/wp-content\/uploads\/2022\/02\/camping-velo-bourgogne-100x27.jpg\" data-src=\"https:\/\/www.campingaubonendroit.fr\/wp-content\/uploads\/2022\/02\/camping-velo-bourgogne.jpg\" alt=\"camping velo bourgogne\" class=\"section_bg-img\" data-opacite=\"1\"\/><div class=\"container large\"><h2 class=\"element section-title center m-t-0 m-b-1\">Die D\u00f6rfer in Burgund <\/h2><div class=\"element bloc-text center \">\n\t<p>Unser Campingplatz in Paray-le-Monial ist als Campingplatz f\u00fcr Radfahrer ausgezeichnet. Besuchen Sie die D\u00f6rfer des Burgunds in der N\u00e4he unseres Campingplatzes. Entspannung, Erinnerungen und Entdeckungen stehen auf dem Programm. Paradiese f\u00fcr Wanderer und Mountainbiker, Denkm\u00e4ler und St\u00e4tten, um mit der Familie in die Kultur einzusteigen (Basilika Sacr\u00e9-C\u0153ur, Entdeckung der burgundischen romanischen Kunst in Toulon-sur-Arroux). Im Juli und August werden vom Fremdenverkehrsamt t\u00e4glich Besichtigungen angeboten, um das historische Zentrum und die Basilika Sacr\u00e9-C\u0153ur zu erkunden.<\/p>\n<p>&nbsp;<\/p>\n<p>&nbsp;<\/p>\n<p>&nbsp;<\/p>\n<p>&nbsp;<\/p>\n<\/div><\/div><\/section>\n\n<section id=\"section-61dd87f9d1e61\"\" class=\"section bg-color1\" \/><div class=\"container extralarge\"><div class=\"colonnes-wrap valign-middle \"><div class=\"element colonne \"><div class=\"element bloc-text justify \">\n\t<p>Tourismus in Burgund bedeutet, alle lokalen Reicht\u00fcmer unserer Region zu entdecken. Kleine D\u00f6rfer voller Charme erwarten Sie in der N\u00e4he unseres Campingplatzes. Flusstourismus in Montceau-les-mines, T\u00f6pferei, Glasmalerei und Keramik in Paray-le-Monial und nicht zu vergessen die St\u00e4dte M\u00e2con und Chalon-sur-Sa\u00f4ne.<\/p>\n<p>Die D\u00f6rfer Burgunds in der Umgebung unseres Campingplatzes werden Ihren Aufenthalt mit der Familie oder mit Freunden verzaubern. Liebhaber der Gastronomie, der Naturlandschaften und der Unterschiede: Die Region Burgund-Comt\u00e9 in Frankreich z\u00e4hlt 8 UNESCO-Weltkulturerbest\u00e4tten. Ein Grund mehr, sie auf unserem Campingplatz in Paray-le-Monial zu entdecken.<\/p>\n<\/div><\/div><div class=\"element colonne \"><div class=\"element images\"><div class=\"image\"><img decoding=\"async\" src=\"https:\/\/www.campingaubonendroit.fr\/wp-content\/uploads\/2022\/01\/bourgogne-chateau-de-pommard-100x67.jpg\" data-src=\"https:\/\/www.campingaubonendroit.fr\/wp-content\/uploads\/2022\/01\/bourgogne-chateau-de-pommard.jpg\" alt=\"bourgogne ch\u00e2teau de pommard\" class=\"images_image\" \/><\/div><\/div><\/div><\/div><\/div><\/section>\n\n<section id=\"section-ancre4\"\" class=\"section bg-color5\" \/><div class=\"container extralarge\"><div class=\"colonnes-wrap valign-middle \"><div class=\"element colonne \"><div class=\"element images\"><div class=\"image\"><img decoding=\"async\" src=\"https:\/\/www.campingaubonendroit.fr\/wp-content\/uploads\/2022\/02\/musee-mosaique-bourgogne-100x68.jpg\" data-src=\"https:\/\/www.campingaubonendroit.fr\/wp-content\/uploads\/2022\/02\/musee-mosaique-bourgogne.jpg\" alt=\"bourgogne ch\u00e2teau de pommard\" class=\"images_image\" \/><\/div><\/div><\/div><div class=\"element colonne \"><h2 class=\"element section-title center\">Sehensw\u00fcrdigkeiten in der N\u00e4he des Campingplatzes<\/h2><div class=\"element bloc-text justify \">\n\t<ul>\n<li style=\"list-style-type: none;\">\n<ul>\n<li><a href=\"https:\/\/www.musee-hieron.fr\/english\/\" target=\"_blank\" rel=\"noopener\">Besuch des Hieron-Museums<\/a><\/li>\n<\/ul>\n<\/li>\n<\/ul>\n<p>Das als Mus\u00e9e de France und historisches Monument eingestufte Mus\u00e9e du Hi\u00e9ron befindet sich nur wenige Schritte von der Basilika Sacr\u00e9-C\u0153ur entfernt. Als seltenes Geb\u00e4ude, das wie ein Museum gebaut wurde, beherbergt es Ausstellungen, ist Veranstaltungsort f\u00fcr Konzerte und Animationen. Hier k\u00f6nnen Sie ein einzigartiges St\u00fcck, die Via Vitae, entdecken, die 1904 von dem Juwelier Joseph Chaumet entworfen wurde und als Nationalschatz eingestuft ist. Ein reichhaltiger und abwechslungsreicher Besuch f\u00fcr die ganze Familie.<\/p>\n<ul>\n<li style=\"list-style-type: none;\">\n<ul>\n<li><a href=\"https:\/\/maisondelamosaique.org\/\" target=\"_blank\" rel=\"noopener\">Besuch des Mosaikmuseums<\/a><\/li>\n<\/ul>\n<\/li>\n<\/ul>\n<p>Das Mosaikmuseum in Paray-le-Monial ist ein Kunstzentrum, das die Geschichte des Mosaiks anhand eines Videos, st\u00e4ndiger und wechselnder Ausstellungen nachzeichnet. Jeden Sommer findet eine internationale Ausstellung statt.<\/p>\n<\/div><\/div><\/div><\/div><\/section>\n\n<section id=\"section-ancre3\"\" class=\"section bg-color1\" \/><div class=\"container extralarge\"><div class=\"colonnes-wrap valign-middle \"><div class=\"element colonne \"><div class=\"element bloc-text justify \">\n\t<ul>\n<li style=\"list-style-type: none;\">\n<ul>\n<li><a href=\"https:\/\/paldenshangpalaboulaye.org\/\">Der Tempel der 1000 Buddhas<\/a><\/li>\n<\/ul>\n<\/li>\n<\/ul>\n<p>Als Ort der Anbetung und des R\u00fcckzugs befindet sich der buddhistische Tempel in La Boulaye, nur 36 Minuten vom Campingplatz entfernt. In diesem Tempel herrschen Ruhe und Gelassenheit.<\/p>\n<p>Die Besichtigungen kosten 5\u20ac, t\u00e4glich: von 14:00 bis 17:30 Uhr und im Juli und August von 10:00 bis 12:00 Uhr und von 14:30 bis 17:30 Uhr. Z\u00f6gern Sie nicht, sich mit der Einrichtung in Verbindung zu setzen, um eine F\u00fchrung zu buchen und ganz in ihre Welt einzutauchen.<\/p>\n<ul>\n<li style=\"list-style-type: none;\">\n<ul>\n<li><a href=\"https:\/\/www.maison-charolais.com\/de\/\">Das Haus des Charolais<\/a><\/li>\n<\/ul>\n<\/li>\n<\/ul>\n<p>Als Liebhaber der Gastronomie werden Sie sich freuen, das La maison de Charolais zu entdecken.<\/p>\n<p>Die f\u00fcr Burgund typische Rasse Charolais ist daf\u00fcr bekannt, dass sie mit respektvollen Methoden und in einer nat\u00fcrlichen Umgebung gez\u00fcchtet wird. Das Charolais-Haus bietet verschiedene Besichtigungen f\u00fcr Einzelpersonen, Familien, Schulen und Gruppen, Workshops, wechselnde Ausstellungen und eine Verkostung.<\/p>\n<p>Runden Sie Ihren Besuch ab, indem Sie im Restaurant La Table die von K\u00fcchenchef Fr\u00e9d\u00e9ric Navez zubereiteten Gerichte probieren.<\/p>\n<\/div><\/div><div class=\"element colonne \"><div class=\"element images\"><div class=\"image\"><img decoding=\"async\" src=\"https:\/\/www.campingaubonendroit.fr\/wp-content\/uploads\/2022\/02\/maison-du-charolay-bourgogne-100x68.jpg\" data-src=\"https:\/\/www.campingaubonendroit.fr\/wp-content\/uploads\/2022\/02\/maison-du-charolay-bourgogne.jpg\" alt=\"bourgogne ch\u00e2teau de pommard\" class=\"images_image\" \/><\/div><\/div><\/div><\/div><\/div><\/section>\n\n<section id=\"section-ancre20\"\" class=\"section home-third bg-white section--has-bg-img\" \/><img decoding=\"async\" src=\"https:\/\/www.campingaubonendroit.fr\/wp-content\/uploads\/2022\/02\/pont-canal-digouin-100x27.jpg\" data-src=\"https:\/\/www.campingaubonendroit.fr\/wp-content\/uploads\/2022\/02\/pont-canal-digouin.jpg\" alt=\"pont canal digoin\" class=\"section_bg-img\" data-opacite=\"1\"\/><div class=\"container large\"><div class=\"element bloc-text center m-t-0 m-b-1\">\n\t<ul>\n<li>Die Kanalbr\u00fccke in Digoin<\/li>\n<\/ul>\n<p>Die vom Architekten Pierre-Alexandre-Adolphe Julien entworfene beeindruckende Kanalbr\u00fccke von Digoin mit ihren 11 B\u00f6gen erm\u00f6glicht es dem Seitenkanal, \u00fcber die Loire zu f\u00fchren. Der Bau begann 1833 und wurde 1838 abgeschlossen, als er f\u00fcr die Schifffahrt freigegeben wurde.<\/p>\n<p>Sie k\u00f6nnen ihn zu Fu\u00df oder bei einer Bootsfahrt erkunden. <a href=\"https:\/\/www.croisiere-digoin.fr\/\">Croisi\u00e8re bateau<\/a> bietet Ihnen eine Fahrt auf dem Schiff &#8222;le Ville de Digoin&#8220; an, die von einem Unterhaltungsprogramm oder einer Mahlzeit begleitet wird und einen einzigartigen Panoramablick bietet.<\/p>\n<p>Oder seien Sie Ihr eigener Kapit\u00e4n an Bord des Bootes &#8222;Wanday&#8220;!<br \/>\n<a href=\"https:\/\/www.lescanalous.com\/location-de-bateau-sans-permis-a-la-journee-a-digoin\/\">Les Canalous<\/a> bietet Ihnen die M\u00f6glichkeit, dieses f\u00fchrerscheinfreie Boot f\u00fcr einen Tag zu mieten. Bereiten Sie Ihr Picknick vor und genie\u00dfen Sie diese Familienfahrt entlang des Kanals.<\/p>\n<\/div><\/div><\/section>\n\n<section id=\"section-61d2dc3bb1474\"\" class=\"section bg-white\" \/><div class=\"container extralarge\"><div class=\"element section-title center\">Entdecken Sie die Aktivit\u00e4ten, die Sie in Burgund unternehmen k\u00f6nnen, und unsere Ferienh\u00e4user in Paray le Monial.<\/div><ul class=\"liste-de-page\"><li class=\"element call-to-action carre call-to-action--style-1 call-to-action--big\"><a href=\"https:\/\/www.campingaubonendroit.fr\/de\/campingplatz-schwimmbad-paray-le-monial\/\"  class=\"call-to-action_link\" title=\"En savoir plus sur schwimmbad\"><div class=\"call-to-action_image\"><img decoding=\"async\" src=\"https:\/\/www.campingaubonendroit.fr\/wp-content\/uploads\/2022\/01\/banner-camping-piscine-100x26.jpg\" data-src=\"https:\/\/www.campingaubonendroit.fr\/wp-content\/uploads\/2022\/01\/banner-camping-piscine.jpg\" alt=\"camping piscine bourgogne\" class=\"big\" \/><\/div><div class=\"call-to-action_contenu\"><div class=\"call-to-action_titre\"><span>+<\/span>Schwimmbad<\/div><\/div><\/a><\/li><li class=\"element call-to-action carre call-to-action--style-1 call-to-action--big call-to-action--style-1 call-to-action--big\"><a href=\"https:\/\/www.campingaubonendroit.fr\/de\/legale-erwahnungen\/\"  class=\"call-to-action_link\" title=\"En savoir plus sur rechtliche hinweise\"><div class=\"call-to-action_image\"><img decoding=\"async\" src=\"https:\/\/www.campingaubonendroit.fr\/wp-content\/uploads\/2022\/12\/IMG_2685-100x75.jpg\" data-src=\"https:\/\/www.campingaubonendroit.fr\/wp-content\/uploads\/2022\/12\/IMG_2685-scaled.jpg\" alt=\"piscine-camping-bon-endroit\" class=\"big\" \/><\/div><div class=\"call-to-action_contenu\"><div class=\"call-to-action_titre\"><span>+<\/span>Rechtliche Hinweise<\/div><\/div><\/a><\/li><li class=\"element call-to-action carre call-to-action--style-1 call-to-action--big call-to-action--style-1 call-to-action--big call-to-action--style-1 call-to-action--big\"><a href=\"https:\/\/www.campingaubonendroit.fr\/de\/aktivitaten-burgund\/\"  class=\"call-to-action_link\" title=\"En savoir plus sur sehensw\u00fcrdigkeiten in burgund\"><div class=\"call-to-action_image\"><img decoding=\"async\" src=\"https:\/\/www.campingaubonendroit.fr\/wp-content\/uploads\/2022\/02\/tourisme-bourgogne-vignoble-100x26.jpg\" data-src=\"https:\/\/www.campingaubonendroit.fr\/wp-content\/uploads\/2022\/02\/tourisme-bourgogne-vignoble.jpg\" alt=\"tourisme vignoble bourgogne\" class=\"big\" \/><\/div><div class=\"call-to-action_contenu\"><div class=\"call-to-action_titre\"><span>+<\/span>Sehensw\u00fcrdigkeiten in Burgund<\/div><\/div><\/a><\/li><\/ul><\/div><\/section>","protected":false},"excerpt":{"rendered":"","protected":false},"author":1,"featured_media":2165,"parent":0,"menu_order":0,"comment_status":"closed","ping_status":"closed","template":"","meta":{"_acf_changed":false,"footnotes":""},"class_list":["post-2364","page","type-page","status-publish","has-post-thumbnail","hentry"],"acf":[],"yoast_head":"<!-- This site is optimized with the Yoast SEO plugin v25.3 - https:\/\/yoast.com\/wordpress\/plugins\/seo\/ -->\n<title>Burgund entdecken | Burgund besuchen | Tourismus in Burgund<\/title>\n<meta name=\"robots\" content=\"index, follow, max-snippet:-1, max-image-preview:large, max-video-preview:-1\" \/>\n<link rel=\"canonical\" href=\"https:\/\/www.campingaubonendroit.fr\/de\/tourismus-burgund\/\" \/>\n<meta property=\"og:locale\" content=\"de_DE\" \/>\n<meta property=\"og:type\" content=\"article\" \/>\n<meta property=\"og:title\" content=\"Burgund entdecken | Burgund besuchen | Tourismus in Burgund\" \/>\n<meta property=\"og:url\" content=\"https:\/\/www.campingaubonendroit.fr\/de\/tourismus-burgund\/\" \/>\n<meta property=\"og:site_name\" content=\"Camping Bon Endroit\" \/>\n<meta property=\"article:modified_time\" content=\"2025-07-31T08:12:53+00:00\" \/>\n<meta property=\"og:image\" content=\"https:\/\/www.campingaubonendroit.fr\/wp-content\/uploads\/2022\/02\/bourgogne-visite.jpg\" \/>\n\t<meta property=\"og:image:width\" content=\"1900\" \/>\n\t<meta property=\"og:image:height\" content=\"500\" \/>\n\t<meta property=\"og:image:type\" content=\"image\/jpeg\" \/>\n<meta name=\"twitter:card\" content=\"summary_large_image\" \/>\n<meta name=\"twitter:label1\" content=\"Gesch\u00e4tzte Lesezeit\" \/>\n\t<meta name=\"twitter:data1\" content=\"1\u00a0Minute\" \/>\n<script type=\"application\/ld+json\" class=\"yoast-schema-graph\">{\"@context\":\"https:\/\/schema.org\",\"@graph\":[{\"@type\":\"WebPage\",\"@id\":\"https:\/\/www.campingaubonendroit.fr\/de\/tourismus-burgund\/\",\"url\":\"https:\/\/www.campingaubonendroit.fr\/de\/tourismus-burgund\/\",\"name\":\"Burgund entdecken | Burgund besuchen | Tourismus in Burgund\",\"isPartOf\":{\"@id\":\"https:\/\/www.campingaubonendroit.fr\/de\/#website\"},\"primaryImageOfPage\":{\"@id\":\"https:\/\/www.campingaubonendroit.fr\/de\/tourismus-burgund\/#primaryimage\"},\"image\":{\"@id\":\"https:\/\/www.campingaubonendroit.fr\/de\/tourismus-burgund\/#primaryimage\"},\"thumbnailUrl\":\"https:\/\/www.campingaubonendroit.fr\/wp-content\/uploads\/2022\/02\/bourgogne-visite.jpg\",\"datePublished\":\"2021-12-30T07:46:13+00:00\",\"dateModified\":\"2025-07-31T08:12:53+00:00\",\"breadcrumb\":{\"@id\":\"https:\/\/www.campingaubonendroit.fr\/de\/tourismus-burgund\/#breadcrumb\"},\"inLanguage\":\"de\",\"potentialAction\":[{\"@type\":\"ReadAction\",\"target\":[\"https:\/\/www.campingaubonendroit.fr\/de\/tourismus-burgund\/\"]}]},{\"@type\":\"ImageObject\",\"inLanguage\":\"de\",\"@id\":\"https:\/\/www.campingaubonendroit.fr\/de\/tourismus-burgund\/#primaryimage\",\"url\":\"https:\/\/www.campingaubonendroit.fr\/wp-content\/uploads\/2022\/02\/bourgogne-visite.jpg\",\"contentUrl\":\"https:\/\/www.campingaubonendroit.fr\/wp-content\/uploads\/2022\/02\/bourgogne-visite.jpg\",\"width\":1900,\"height\":500,\"caption\":\"visiter la bourgogne\"},{\"@type\":\"BreadcrumbList\",\"@id\":\"https:\/\/www.campingaubonendroit.fr\/de\/tourismus-burgund\/#breadcrumb\",\"itemListElement\":[{\"@type\":\"ListItem\",\"position\":1,\"name\":\"Campingplatz Bourgogne\",\"item\":\"https:\/\/www.campingaubonendroit.fr\/de\/\"},{\"@type\":\"ListItem\",\"position\":2,\"name\":\"Entdecken Sie Burgund\"}]},{\"@type\":\"WebSite\",\"@id\":\"https:\/\/www.campingaubonendroit.fr\/de\/#website\",\"url\":\"https:\/\/www.campingaubonendroit.fr\/de\/\",\"name\":\"Camping Bon Endroit\",\"description\":\"\",\"publisher\":{\"@id\":\"https:\/\/www.campingaubonendroit.fr\/de\/#organization\"},\"potentialAction\":[{\"@type\":\"SearchAction\",\"target\":{\"@type\":\"EntryPoint\",\"urlTemplate\":\"https:\/\/www.campingaubonendroit.fr\/de\/?s={search_term_string}\"},\"query-input\":{\"@type\":\"PropertyValueSpecification\",\"valueRequired\":true,\"valueName\":\"search_term_string\"}}],\"inLanguage\":\"de\"},{\"@type\":\"Organization\",\"@id\":\"https:\/\/www.campingaubonendroit.fr\/de\/#organization\",\"name\":\"Camping Au Bon Endroit\",\"url\":\"https:\/\/www.campingaubonendroit.fr\/de\/\",\"logo\":{\"@type\":\"ImageObject\",\"inLanguage\":\"de\",\"@id\":\"https:\/\/www.campingaubonendroit.fr\/de\/#\/schema\/logo\/image\/\",\"url\":\"https:\/\/www.campingaubonendroit.fr\/wp-content\/uploads\/2021\/12\/camping-bon-endroit-logo.png\",\"contentUrl\":\"https:\/\/www.campingaubonendroit.fr\/wp-content\/uploads\/2021\/12\/camping-bon-endroit-logo.png\",\"width\":274,\"height\":222,\"caption\":\"Camping Au Bon Endroit\"},\"image\":{\"@id\":\"https:\/\/www.campingaubonendroit.fr\/de\/#\/schema\/logo\/image\/\"}}]}<\/script>\n<!-- \/ Yoast SEO plugin. -->","yoast_head_json":{"title":"Burgund entdecken | Burgund besuchen | Tourismus in Burgund","robots":{"index":"index","follow":"follow","max-snippet":"max-snippet:-1","max-image-preview":"max-image-preview:large","max-video-preview":"max-video-preview:-1"},"canonical":"https:\/\/www.campingaubonendroit.fr\/de\/tourismus-burgund\/","og_locale":"de_DE","og_type":"article","og_title":"Burgund entdecken | Burgund besuchen | Tourismus in Burgund","og_url":"https:\/\/www.campingaubonendroit.fr\/de\/tourismus-burgund\/","og_site_name":"Camping Bon Endroit","article_modified_time":"2025-07-31T08:12:53+00:00","og_image":[{"width":1900,"height":500,"url":"https:\/\/www.campingaubonendroit.fr\/wp-content\/uploads\/2022\/02\/bourgogne-visite.jpg","type":"image\/jpeg"}],"twitter_card":"summary_large_image","twitter_misc":{"Gesch\u00e4tzte Lesezeit":"1\u00a0Minute"},"schema":{"@context":"https:\/\/schema.org","@graph":[{"@type":"WebPage","@id":"https:\/\/www.campingaubonendroit.fr\/de\/tourismus-burgund\/","url":"https:\/\/www.campingaubonendroit.fr\/de\/tourismus-burgund\/","name":"Burgund entdecken | Burgund besuchen | Tourismus in Burgund","isPartOf":{"@id":"https:\/\/www.campingaubonendroit.fr\/de\/#website"},"primaryImageOfPage":{"@id":"https:\/\/www.campingaubonendroit.fr\/de\/tourismus-burgund\/#primaryimage"},"image":{"@id":"https:\/\/www.campingaubonendroit.fr\/de\/tourismus-burgund\/#primaryimage"},"thumbnailUrl":"https:\/\/www.campingaubonendroit.fr\/wp-content\/uploads\/2022\/02\/bourgogne-visite.jpg","datePublished":"2021-12-30T07:46:13+00:00","dateModified":"2025-07-31T08:12:53+00:00","breadcrumb":{"@id":"https:\/\/www.campingaubonendroit.fr\/de\/tourismus-burgund\/#breadcrumb"},"inLanguage":"de","potentialAction":[{"@type":"ReadAction","target":["https:\/\/www.campingaubonendroit.fr\/de\/tourismus-burgund\/"]}]},{"@type":"ImageObject","inLanguage":"de","@id":"https:\/\/www.campingaubonendroit.fr\/de\/tourismus-burgund\/#primaryimage","url":"https:\/\/www.campingaubonendroit.fr\/wp-content\/uploads\/2022\/02\/bourgogne-visite.jpg","contentUrl":"https:\/\/www.campingaubonendroit.fr\/wp-content\/uploads\/2022\/02\/bourgogne-visite.jpg","width":1900,"height":500,"caption":"visiter la bourgogne"},{"@type":"BreadcrumbList","@id":"https:\/\/www.campingaubonendroit.fr\/de\/tourismus-burgund\/#breadcrumb","itemListElement":[{"@type":"ListItem","position":1,"name":"Campingplatz Bourgogne","item":"https:\/\/www.campingaubonendroit.fr\/de\/"},{"@type":"ListItem","position":2,"name":"Entdecken Sie Burgund"}]},{"@type":"WebSite","@id":"https:\/\/www.campingaubonendroit.fr\/de\/#website","url":"https:\/\/www.campingaubonendroit.fr\/de\/","name":"Camping Bon Endroit","description":"","publisher":{"@id":"https:\/\/www.campingaubonendroit.fr\/de\/#organization"},"potentialAction":[{"@type":"SearchAction","target":{"@type":"EntryPoint","urlTemplate":"https:\/\/www.campingaubonendroit.fr\/de\/?s={search_term_string}"},"query-input":{"@type":"PropertyValueSpecification","valueRequired":true,"valueName":"search_term_string"}}],"inLanguage":"de"},{"@type":"Organization","@id":"https:\/\/www.campingaubonendroit.fr\/de\/#organization","name":"Camping Au Bon Endroit","url":"https:\/\/www.campingaubonendroit.fr\/de\/","logo":{"@type":"ImageObject","inLanguage":"de","@id":"https:\/\/www.campingaubonendroit.fr\/de\/#\/schema\/logo\/image\/","url":"https:\/\/www.campingaubonendroit.fr\/wp-content\/uploads\/2021\/12\/camping-bon-endroit-logo.png","contentUrl":"https:\/\/www.campingaubonendroit.fr\/wp-content\/uploads\/2021\/12\/camping-bon-endroit-logo.png","width":274,"height":222,"caption":"Camping Au Bon Endroit"},"image":{"@id":"https:\/\/www.campingaubonendroit.fr\/de\/#\/schema\/logo\/image\/"}}]}},"_links":{"self":[{"href":"https:\/\/www.campingaubonendroit.fr\/de\/wp-json\/wp\/v2\/pages\/2364"}],"collection":[{"href":"https:\/\/www.campingaubonendroit.fr\/de\/wp-json\/wp\/v2\/pages"}],"about":[{"href":"https:\/\/www.campingaubonendroit.fr\/de\/wp-json\/wp\/v2\/types\/page"}],"author":[{"embeddable":true,"href":"https:\/\/www.campingaubonendroit.fr\/de\/wp-json\/wp\/v2\/users\/1"}],"replies":[{"embeddable":true,"href":"https:\/\/www.campingaubonendroit.fr\/de\/wp-json\/wp\/v2\/comments?post=2364"}],"version-history":[{"count":12,"href":"https:\/\/www.campingaubonendroit.fr\/de\/wp-json\/wp\/v2\/pages\/2364\/revisions"}],"predecessor-version":[{"id":3076,"href":"https:\/\/www.campingaubonendroit.fr\/de\/wp-json\/wp\/v2\/pages\/2364\/revisions\/3076"}],"wp:featuredmedia":[{"embeddable":true,"href":"https:\/\/www.campingaubonendroit.fr\/de\/wp-json\/wp\/v2\/media\/2165"}],"wp:attachment":[{"href":"https:\/\/www.campingaubonendroit.fr\/de\/wp-json\/wp\/v2\/media?parent=2364"}],"curies":[{"name":"wp","href":"https:\/\/api.w.org\/{rel}","templated":true}]}}