{"id":2404,"date":"2021-12-30T08:46:01","date_gmt":"2021-12-30T07:46:01","guid":{"rendered":"https:\/\/www.campingaubonendroit.fr\/camping-pas-cher-paray-le-monial\/"},"modified":"2025-07-30T16:37:21","modified_gmt":"2025-07-30T14:37:21","slug":"gunstiger-campingplatz-paray-le-monial","status":"publish","type":"page","link":"https:\/\/www.campingaubonendroit.fr\/de\/gunstiger-campingplatz-paray-le-monial\/","title":{"rendered":"Tarife und Angebote"},"content":{"rendered":"<section id=\"section-61d2dc3bb1009\"\" class=\"section bg-white\" \/><div class=\"container\"><h1 class=\"element section-title center\">G\u00fcnstige Campingpl\u00e4tze in der<span> S\u00fcdburgund<\/span><\/h1><\/div><\/section>\n\n<section id=\"section-620d8f47e13ed\"\" class=\"section bg-white\" \/><div class=\"container\"><div class=\"element bloc-text\">\n\t<script>\r\n    window.ctoutvert = {\r\n\t\tid: 11221, \r\n\t\tlang: 'de', \r\n\t\turl: 'https:\/\/bookingpremium.secureholiday.net\/widgets\/'\r\n    };\r\n\r\n    (function (w, d, s, ctv, r, js, fjs) {\r\n        r=new XMLHttpRequest();r.open('GET',w[ctv].url+'js\/src.json');\r\n        r.responseType='json';r.json=true;r.send();\r\n        r.onload=function(){w[ctv].src=r.responseType=='json'?r.response:JSON.parse(r.response);\r\n        js.src=w[ctv].src[0];fjs.parentNode.insertBefore(js, fjs);}\r\n        js=d.createElement(s),fjs=d.getElementsByTagName(s)[0];\r\n        js.id='ctvwidget';js.async=1;\r\n    }(window, document, 'script', 'ctoutvert'));\r\n<\/script>\r\n<ctv-availability data-background-color='#FFFFFFFF' ><\/ctv-availability><\/div><\/div><\/section>\n\n<section id=\"section-61d2dc3bb113c\"\" class=\"section bg-color5\" \/><div class=\"container extralarge\"><div class=\"colonnes-wrap valign-top \"><div class=\"element colonne \"><div class=\"element images\"><div class=\"image\"><img decoding=\"async\" src=\"https:\/\/www.campingaubonendroit.fr\/wp-content\/uploads\/2022\/02\/camping-petit-prix-paray-le-monial-100x73.jpg\" data-src=\"https:\/\/www.campingaubonendroit.fr\/wp-content\/uploads\/2022\/02\/camping-petit-prix-paray-le-monial.jpg\" alt=\"camping petit prix paray le monial\" class=\"images_image\" \/><\/div><\/div><\/div><div class=\"element colonne \"><h2 class=\"element section-title center\">Campingplatz mit dem besten Preis-Leistungs-Verh\u00e4ltnis Paray-le-Monial<\/h2><div class=\"element bloc-text justify \">\n\t<p>Alle unsere Mietunterk\u00fcnfte haben das beste Preis-Leistungs-Verh\u00e4ltnis in der Region Bourgogne. Wenn Sie einen preisg\u00fcnstigen <a href=\"\/de\">Campingplatz in Paray-le-Monial<\/a> suchen, der \u00fcber alle Funktionen verf\u00fcgt (hochwertige Sanit\u00e4ranlagen, Schwimmb\u00e4der und Verpflegung), ist unser Campingplatz Au bon endroit genau das Richtige f\u00fcr Sie. Wir sind allen Campingliebhabern gewidmet, ob traditionelle Camper, Wohnmobile oder Wohnwagen, und bieten Ihnen burgundische Qualit\u00e4t zum besten Preis.<\/p>\n<p>Z\u00f6gern Sie nicht, uns zu konsultieren, um den besten Preis zu erhalten. Die Preise je nach Datum Ihres Aufenthalts und Ihrer Wahl des Stellplatzes werden Ihnen zum besten Preis-Leistungs-Verh\u00e4ltnis mitgeteilt.<\/p>\n<\/div><\/div><\/div><\/div><\/section>\n\n<section id=\"section-61d2dc3bb1254\"\" class=\"section home-third bg-white section--has-bg-img\" \/><img decoding=\"async\" src=\"https:\/\/www.campingaubonendroit.fr\/wp-content\/uploads\/2022\/02\/camping-pas-cher-bourgogne-100x56.jpg\" data-src=\"https:\/\/www.campingaubonendroit.fr\/wp-content\/uploads\/2022\/02\/camping-pas-cher-bourgogne.jpg\" alt=\"camping pas cher bourgogne\" class=\"section_bg-img\" data-opacite=\"1\"\/><div class=\"container large\"><h2 class=\"element section-title center\">Garantierte Bestpreise direkt \u00fcber die Website des Campingplatzes<\/h2><div class=\"element bloc-text center \">\n\t<p>Buchen Sie Ihren Aufenthalt auf unserem Campingplatz in Burgund zum g\u00fcnstigsten Preis, indem Sie uns direkt \u00fcber unsere Website kontaktieren. Um von unseren kleinen Preisen f\u00fcr Ihren Urlaub in der Region\u00a0S\u00fcdburgund zu profitieren, denken Sie an eine Direktbuchung.<\/p>\n<\/div><\/div><\/section>\n\n<section id=\"section-61d2dc3bb1361\"\" class=\"section bg-color1\" \/><div class=\"container extralarge\"><div class=\"colonnes-wrap valign-top \"><div class=\"element colonne \"><div class=\"element bloc-text justify \">\n\t<p>Unser preisg\u00fcnstiger Campingplatz in Paray-le-Monial bietet Ihnen Sonderangebote f\u00fcr die Anmietung eines Langzeitstellplatzes oder Unterk\u00fcnfte in Burgund, wenn Sie direkt buchen. Warten Sie also nicht bis zum letzten Moment, um von unseren g\u00fcnstigen Angeboten und Sonderangeboten f\u00fcr Ihren Aufenthalt in Paray-le-Monial zu profitieren.<\/p>\n<p>Nachfolgend finden Sie die Preise f\u00fcr unsere Mietwohnungen und Stellpl\u00e4tze in Paray-le-Monial :<\/p>\n<ul>\n<li>Sterncamp: von 30 bis 65 \u20ac ;<\/li>\n<li>Zelte: 52 bis 198 \u20ac.<\/li>\n<li>Mobilheim Louisiane : 65 bis 254 \u20ac.<\/li>\n<li>Mobilheim Ad\u00e9lie : 68 bis 273 \u20ac.<\/li>\n<li>Mobilheim Capuicne : 80 bis 298 \u20ac.<\/li>\n<li>Stellpl\u00e4tze: Pauschale von 19 bis 55 \u20ac f\u00fcr 2 Personen.<\/li>\n<\/ul>\n<\/div><\/div><div class=\"element colonne \"><div class=\"element images\"><div class=\"image\"><img decoding=\"async\" src=\"https:\/\/www.campingaubonendroit.fr\/wp-content\/uploads\/2022\/02\/camping-pas-cher-paray-le-monial-100x73.jpg\" data-src=\"https:\/\/www.campingaubonendroit.fr\/wp-content\/uploads\/2022\/02\/camping-pas-cher-paray-le-monial.jpg\" alt=\"camping pas cher paray le monial\" class=\"images_image\" \/><\/div><\/div><\/div><\/div><\/div><\/section>\n\n<section id=\"section-61d2dc3bb1474\"\" class=\"section bg-white\" \/><div class=\"container extralarge\"><div class=\"element section-title center\">Unsere Stellpl\u00e4tze und Mobilheime in Paray le Monial<\/div><ul class=\"liste-de-page\"><li class=\"element call-to-action carre call-to-action--style-1 call-to-action--big\"><a href=\"https:\/\/www.campingaubonendroit.fr\/de\/vermietung-mobilheim-paray-le-monial\/\"  class=\"call-to-action_link\" title=\"En savoir plus sur unsere mobilheime\"><div class=\"call-to-action_image\"><img decoding=\"async\" src=\"https:\/\/www.campingaubonendroit.fr\/wp-content\/uploads\/2022\/12\/IMG_2484-3-100x100.jpg\" data-src=\"https:\/\/www.campingaubonendroit.fr\/wp-content\/uploads\/2022\/12\/IMG_2484-3.jpg\" alt=\"\" class=\"big\" \/><\/div><div class=\"call-to-action_contenu\"><div class=\"call-to-action_titre\"><span>+<\/span>Unsere Mobilheime<\/div><\/div><\/a><\/li><li class=\"element call-to-action carre call-to-action--style-1 call-to-action--big call-to-action--style-1 call-to-action--big\"><a href=\"https:\/\/www.campingaubonendroit.fr\/de\/vermietung-wohnung-paray-le-monial\/\"  class=\"call-to-action_link\" title=\"En savoir plus sur standorte\"><div class=\"call-to-action_image\"><img decoding=\"async\" src=\"https:\/\/www.campingaubonendroit.fr\/wp-content\/uploads\/2022\/02\/emplacement-caravaning-bourgogne-1-100x29.jpg\" data-src=\"https:\/\/www.campingaubonendroit.fr\/wp-content\/uploads\/2022\/02\/emplacement-caravaning-bourgogne-1.jpg\" alt=\"emplacement caravaning bourgogne\" class=\"big\" \/><\/div><div class=\"call-to-action_contenu\"><div class=\"call-to-action_titre\"><span>+<\/span>Standorte<\/div><\/div><\/a><\/li><\/ul><\/div><\/section>","protected":false},"excerpt":{"rendered":"","protected":false},"author":1,"featured_media":1781,"parent":0,"menu_order":0,"comment_status":"closed","ping_status":"closed","template":"","meta":{"_acf_changed":false,"footnotes":""},"class_list":["post-2404","page","type-page","status-publish","has-post-thumbnail","hentry"],"acf":[],"yoast_head":"<!-- This site is optimized with the Yoast SEO plugin v25.3 - https:\/\/yoast.com\/wordpress\/plugins\/seo\/ -->\n<title>Billigcamping in Paray-le-Monial | Billigcamping in Burgund<\/title>\n<meta name=\"robots\" content=\"index, follow, max-snippet:-1, max-image-preview:large, max-video-preview:-1\" \/>\n<link rel=\"canonical\" href=\"https:\/\/www.campingaubonendroit.fr\/de\/gunstiger-campingplatz-paray-le-monial\/\" \/>\n<meta property=\"og:locale\" content=\"de_DE\" \/>\n<meta property=\"og:type\" content=\"article\" \/>\n<meta property=\"og:title\" content=\"Billigcamping in Paray-le-Monial | Billigcamping in Burgund\" \/>\n<meta property=\"og:url\" content=\"https:\/\/www.campingaubonendroit.fr\/de\/gunstiger-campingplatz-paray-le-monial\/\" \/>\n<meta property=\"og:site_name\" content=\"Camping Bon Endroit\" \/>\n<meta property=\"article:modified_time\" content=\"2025-07-30T14:37:21+00:00\" \/>\n<meta property=\"og:image\" content=\"https:\/\/www.campingaubonendroit.fr\/wp-content\/uploads\/2022\/01\/tente-camping-bon-endroit.jpg\" \/>\n\t<meta property=\"og:image:width\" content=\"1900\" \/>\n\t<meta property=\"og:image:height\" content=\"700\" \/>\n\t<meta property=\"og:image:type\" content=\"image\/jpeg\" \/>\n<meta name=\"twitter:card\" content=\"summary_large_image\" \/>\n<meta name=\"twitter:label1\" content=\"Gesch\u00e4tzte Lesezeit\" \/>\n\t<meta name=\"twitter:data1\" content=\"1\u00a0Minute\" \/>\n<script type=\"application\/ld+json\" class=\"yoast-schema-graph\">{\"@context\":\"https:\/\/schema.org\",\"@graph\":[{\"@type\":\"WebPage\",\"@id\":\"https:\/\/www.campingaubonendroit.fr\/de\/gunstiger-campingplatz-paray-le-monial\/\",\"url\":\"https:\/\/www.campingaubonendroit.fr\/de\/gunstiger-campingplatz-paray-le-monial\/\",\"name\":\"Billigcamping in Paray-le-Monial | Billigcamping in Burgund\",\"isPartOf\":{\"@id\":\"https:\/\/www.campingaubonendroit.fr\/de\/#website\"},\"primaryImageOfPage\":{\"@id\":\"https:\/\/www.campingaubonendroit.fr\/de\/gunstiger-campingplatz-paray-le-monial\/#primaryimage\"},\"image\":{\"@id\":\"https:\/\/www.campingaubonendroit.fr\/de\/gunstiger-campingplatz-paray-le-monial\/#primaryimage\"},\"thumbnailUrl\":\"https:\/\/www.campingaubonendroit.fr\/wp-content\/uploads\/2022\/01\/tente-camping-bon-endroit.jpg\",\"datePublished\":\"2021-12-30T07:46:01+00:00\",\"dateModified\":\"2025-07-30T14:37:21+00:00\",\"breadcrumb\":{\"@id\":\"https:\/\/www.campingaubonendroit.fr\/de\/gunstiger-campingplatz-paray-le-monial\/#breadcrumb\"},\"inLanguage\":\"de\",\"potentialAction\":[{\"@type\":\"ReadAction\",\"target\":[\"https:\/\/www.campingaubonendroit.fr\/de\/gunstiger-campingplatz-paray-le-monial\/\"]}]},{\"@type\":\"ImageObject\",\"inLanguage\":\"de\",\"@id\":\"https:\/\/www.campingaubonendroit.fr\/de\/gunstiger-campingplatz-paray-le-monial\/#primaryimage\",\"url\":\"https:\/\/www.campingaubonendroit.fr\/wp-content\/uploads\/2022\/01\/tente-camping-bon-endroit.jpg\",\"contentUrl\":\"https:\/\/www.campingaubonendroit.fr\/wp-content\/uploads\/2022\/01\/tente-camping-bon-endroit.jpg\",\"width\":1900,\"height\":700,\"caption\":\"emplacement tente bourgogne\"},{\"@type\":\"BreadcrumbList\",\"@id\":\"https:\/\/www.campingaubonendroit.fr\/de\/gunstiger-campingplatz-paray-le-monial\/#breadcrumb\",\"itemListElement\":[{\"@type\":\"ListItem\",\"position\":1,\"name\":\"Campingplatz Bourgogne\",\"item\":\"https:\/\/www.campingaubonendroit.fr\/de\/\"},{\"@type\":\"ListItem\",\"position\":2,\"name\":\"G\u00fcnstiger Campingplatz in Paray-le-Monial\"}]},{\"@type\":\"WebSite\",\"@id\":\"https:\/\/www.campingaubonendroit.fr\/de\/#website\",\"url\":\"https:\/\/www.campingaubonendroit.fr\/de\/\",\"name\":\"Camping Bon Endroit\",\"description\":\"\",\"publisher\":{\"@id\":\"https:\/\/www.campingaubonendroit.fr\/de\/#organization\"},\"potentialAction\":[{\"@type\":\"SearchAction\",\"target\":{\"@type\":\"EntryPoint\",\"urlTemplate\":\"https:\/\/www.campingaubonendroit.fr\/de\/?s={search_term_string}\"},\"query-input\":{\"@type\":\"PropertyValueSpecification\",\"valueRequired\":true,\"valueName\":\"search_term_string\"}}],\"inLanguage\":\"de\"},{\"@type\":\"Organization\",\"@id\":\"https:\/\/www.campingaubonendroit.fr\/de\/#organization\",\"name\":\"Camping Au Bon Endroit\",\"url\":\"https:\/\/www.campingaubonendroit.fr\/de\/\",\"logo\":{\"@type\":\"ImageObject\",\"inLanguage\":\"de\",\"@id\":\"https:\/\/www.campingaubonendroit.fr\/de\/#\/schema\/logo\/image\/\",\"url\":\"https:\/\/www.campingaubonendroit.fr\/wp-content\/uploads\/2021\/12\/camping-bon-endroit-logo.png\",\"contentUrl\":\"https:\/\/www.campingaubonendroit.fr\/wp-content\/uploads\/2021\/12\/camping-bon-endroit-logo.png\",\"width\":274,\"height\":222,\"caption\":\"Camping Au Bon Endroit\"},\"image\":{\"@id\":\"https:\/\/www.campingaubonendroit.fr\/de\/#\/schema\/logo\/image\/\"}}]}<\/script>\n<!-- \/ Yoast SEO plugin. -->","yoast_head_json":{"title":"Billigcamping in Paray-le-Monial | Billigcamping in Burgund","robots":{"index":"index","follow":"follow","max-snippet":"max-snippet:-1","max-image-preview":"max-image-preview:large","max-video-preview":"max-video-preview:-1"},"canonical":"https:\/\/www.campingaubonendroit.fr\/de\/gunstiger-campingplatz-paray-le-monial\/","og_locale":"de_DE","og_type":"article","og_title":"Billigcamping in Paray-le-Monial | Billigcamping in Burgund","og_url":"https:\/\/www.campingaubonendroit.fr\/de\/gunstiger-campingplatz-paray-le-monial\/","og_site_name":"Camping Bon Endroit","article_modified_time":"2025-07-30T14:37:21+00:00","og_image":[{"width":1900,"height":700,"url":"https:\/\/www.campingaubonendroit.fr\/wp-content\/uploads\/2022\/01\/tente-camping-bon-endroit.jpg","type":"image\/jpeg"}],"twitter_card":"summary_large_image","twitter_misc":{"Gesch\u00e4tzte Lesezeit":"1\u00a0Minute"},"schema":{"@context":"https:\/\/schema.org","@graph":[{"@type":"WebPage","@id":"https:\/\/www.campingaubonendroit.fr\/de\/gunstiger-campingplatz-paray-le-monial\/","url":"https:\/\/www.campingaubonendroit.fr\/de\/gunstiger-campingplatz-paray-le-monial\/","name":"Billigcamping in Paray-le-Monial | Billigcamping in Burgund","isPartOf":{"@id":"https:\/\/www.campingaubonendroit.fr\/de\/#website"},"primaryImageOfPage":{"@id":"https:\/\/www.campingaubonendroit.fr\/de\/gunstiger-campingplatz-paray-le-monial\/#primaryimage"},"image":{"@id":"https:\/\/www.campingaubonendroit.fr\/de\/gunstiger-campingplatz-paray-le-monial\/#primaryimage"},"thumbnailUrl":"https:\/\/www.campingaubonendroit.fr\/wp-content\/uploads\/2022\/01\/tente-camping-bon-endroit.jpg","datePublished":"2021-12-30T07:46:01+00:00","dateModified":"2025-07-30T14:37:21+00:00","breadcrumb":{"@id":"https:\/\/www.campingaubonendroit.fr\/de\/gunstiger-campingplatz-paray-le-monial\/#breadcrumb"},"inLanguage":"de","potentialAction":[{"@type":"ReadAction","target":["https:\/\/www.campingaubonendroit.fr\/de\/gunstiger-campingplatz-paray-le-monial\/"]}]},{"@type":"ImageObject","inLanguage":"de","@id":"https:\/\/www.campingaubonendroit.fr\/de\/gunstiger-campingplatz-paray-le-monial\/#primaryimage","url":"https:\/\/www.campingaubonendroit.fr\/wp-content\/uploads\/2022\/01\/tente-camping-bon-endroit.jpg","contentUrl":"https:\/\/www.campingaubonendroit.fr\/wp-content\/uploads\/2022\/01\/tente-camping-bon-endroit.jpg","width":1900,"height":700,"caption":"emplacement tente bourgogne"},{"@type":"BreadcrumbList","@id":"https:\/\/www.campingaubonendroit.fr\/de\/gunstiger-campingplatz-paray-le-monial\/#breadcrumb","itemListElement":[{"@type":"ListItem","position":1,"name":"Campingplatz Bourgogne","item":"https:\/\/www.campingaubonendroit.fr\/de\/"},{"@type":"ListItem","position":2,"name":"G\u00fcnstiger Campingplatz in Paray-le-Monial"}]},{"@type":"WebSite","@id":"https:\/\/www.campingaubonendroit.fr\/de\/#website","url":"https:\/\/www.campingaubonendroit.fr\/de\/","name":"Camping Bon Endroit","description":"","publisher":{"@id":"https:\/\/www.campingaubonendroit.fr\/de\/#organization"},"potentialAction":[{"@type":"SearchAction","target":{"@type":"EntryPoint","urlTemplate":"https:\/\/www.campingaubonendroit.fr\/de\/?s={search_term_string}"},"query-input":{"@type":"PropertyValueSpecification","valueRequired":true,"valueName":"search_term_string"}}],"inLanguage":"de"},{"@type":"Organization","@id":"https:\/\/www.campingaubonendroit.fr\/de\/#organization","name":"Camping Au Bon Endroit","url":"https:\/\/www.campingaubonendroit.fr\/de\/","logo":{"@type":"ImageObject","inLanguage":"de","@id":"https:\/\/www.campingaubonendroit.fr\/de\/#\/schema\/logo\/image\/","url":"https:\/\/www.campingaubonendroit.fr\/wp-content\/uploads\/2021\/12\/camping-bon-endroit-logo.png","contentUrl":"https:\/\/www.campingaubonendroit.fr\/wp-content\/uploads\/2021\/12\/camping-bon-endroit-logo.png","width":274,"height":222,"caption":"Camping Au Bon Endroit"},"image":{"@id":"https:\/\/www.campingaubonendroit.fr\/de\/#\/schema\/logo\/image\/"}}]}},"_links":{"self":[{"href":"https:\/\/www.campingaubonendroit.fr\/de\/wp-json\/wp\/v2\/pages\/2404"}],"collection":[{"href":"https:\/\/www.campingaubonendroit.fr\/de\/wp-json\/wp\/v2\/pages"}],"about":[{"href":"https:\/\/www.campingaubonendroit.fr\/de\/wp-json\/wp\/v2\/types\/page"}],"author":[{"embeddable":true,"href":"https:\/\/www.campingaubonendroit.fr\/de\/wp-json\/wp\/v2\/users\/1"}],"replies":[{"embeddable":true,"href":"https:\/\/www.campingaubonendroit.fr\/de\/wp-json\/wp\/v2\/comments?post=2404"}],"version-history":[{"count":15,"href":"https:\/\/www.campingaubonendroit.fr\/de\/wp-json\/wp\/v2\/pages\/2404\/revisions"}],"predecessor-version":[{"id":3057,"href":"https:\/\/www.campingaubonendroit.fr\/de\/wp-json\/wp\/v2\/pages\/2404\/revisions\/3057"}],"wp:featuredmedia":[{"embeddable":true,"href":"https:\/\/www.campingaubonendroit.fr\/de\/wp-json\/wp\/v2\/media\/1781"}],"wp:attachment":[{"href":"https:\/\/www.campingaubonendroit.fr\/de\/wp-json\/wp\/v2\/media?parent=2404"}],"curies":[{"name":"wp","href":"https:\/\/api.w.org\/{rel}","templated":true}]}}