{"id":2412,"date":"2021-12-30T08:46:07","date_gmt":"2021-12-30T07:46:07","guid":{"rendered":"https:\/\/www.campingaubonendroit.fr\/activites-bourgogne\/"},"modified":"2025-07-31T09:46:26","modified_gmt":"2025-07-31T07:46:26","slug":"aktivitaten-burgund","status":"publish","type":"page","link":"https:\/\/www.campingaubonendroit.fr\/de\/aktivitaten-burgund\/","title":{"rendered":"Sehensw\u00fcrdigkeiten in Burgund"},"content":{"rendered":"<section id=\"section-61d2dc3bb1009\"\" class=\"section bg-white\" \/><div class=\"container\"><h1 class=\"element section-title center\">Tourismus und Aktivit\u00e4ten <span>in Burgund<\/span><\/h1><\/div><\/section>\n\n<section id=\"section-61d2dc3bb113c\"\" class=\"section bg-color5\" \/><div class=\"container extralarge\"><div class=\"colonnes-wrap valign-top \"><div class=\"element colonne \"><div class=\"element images\"><div class=\"image\"><img decoding=\"async\" src=\"https:\/\/www.campingaubonendroit.fr\/wp-content\/uploads\/2022\/01\/tourisme-bourgogne-hospices-de-beaune-100x67.jpg\" data-src=\"https:\/\/www.campingaubonendroit.fr\/wp-content\/uploads\/2022\/01\/tourisme-bourgogne-hospices-de-beaune.jpg\" alt=\"tourisme bourgogne hospices de beaune\" class=\"images_image\" \/><\/div><\/div><\/div><div class=\"element colonne \"><h2 class=\"element section-title center\">Sehensw\u00fcrdigkeiten in Burgund<\/h2><div class=\"element bloc-text justify \">\n\t<p>5 unverzichtbare Etappen, die Sie w\u00e4hrend Ihres Aufenthalts auf unserem <a href=\"\/de\/\">Campingplatz in Burgund<\/a> besuchen oder unternehmen sollten. Es ist unm\u00f6glich, wieder abzureisen, ohne unsere 5 Aktivit\u00e4ten in Burgund gemacht zu haben :<\/p>\n<ul>\n<li>Besuchen Sie das Dorf <a href=\"https:\/\/www.tourisme-paraylemonial.fr\/de\/\">Paray-le-Monial<\/a>, das in einem gesch\u00fctzten Naturgebiet im S\u00fcden Burgunds und im Herzen des Charolais-Gebiets liegt. Nutzen Sie die Gelegenheit, um das <a href=\"https:\/\/www.musee-hieron.fr\/english\/\">Mus\u00e9e du Hi\u00e9ron<\/a> zu besuchen und die <a href=\"https:\/\/www.burgund-tourismus.com\/burgund-entdecken\/kulturerbe-und-museen\/religioeses-erbe\/sehenswerte-kirchen-und-religioese-staetten\/die-basilika-von-paray-le-monial-ein-unvergesslicher-ausflug\/\">Basilika von Paray-le-Monial<\/a> zu besichtigen;<\/li>\n<li>Weinproben und Besuche in den Weinbergen der C\u00f4te de Beaune, C\u00f4te de Nuits oder Chablis ;<\/li>\n<li>Wandern Sie auf den markierten Wanderwegen in Burgund oder entlang des Kanals, entdecken Sie die lokale Fauna und Flora oder fahren Sie mit dem Fahrrad, indem Sie <a href=\"https:\/\/www.tourisme-paraylemonial.fr\/de\/loisirs\/office-de-tourisme-location-de-rosalies-ASCBOU071V502K56.html\">Rosalie<\/a>, ein Dreirad mit drei Sitzen, im Tourismusb\u00fcro mieten ;<\/li>\n<li>Probieren Sie das k\u00f6stliche Charolais-Rindfleisch, die Schnecken aus Burgund oder die Spezialit\u00e4t Cacou aus Parodien in einem der Restaurants in Dijon, der Hauptstadt des Senfs und des Burgunds ;<\/li>\n<li>Besuchen Sie die umliegenden Bauernh\u00f6fe: Ziegenk\u00e4se, Zucht von Charolais-K\u00fchen und Verkostung von Honig aus Burgund.<\/li>\n<\/ul>\n<\/div><\/div><\/div><\/div><\/section>\n\n<section id=\"section-61d2dc3bb1254\"\" class=\"section home-third bg-white section--has-bg-img\" \/><img decoding=\"async\" src=\"https:\/\/www.campingaubonendroit.fr\/wp-content\/uploads\/2022\/01\/bourgone-parc-naturel-du-morvan-100x37.jpg\" data-src=\"https:\/\/www.campingaubonendroit.fr\/wp-content\/uploads\/2022\/01\/bourgone-parc-naturel-du-morvan.jpg\" alt=\"bourgogne parc naturel du morvan\" class=\"section_bg-img\" data-opacite=\"1\"\/><div class=\"container large\"><h2 class=\"element section-title center\">Die Zeit des Staunens<\/h2><div class=\"element bloc-text center m-b-0\">\n\t<p>W\u00e4hrend Ihres Aufenthalts auf unserem Campingplatz k\u00f6nnen Sie Ihre Freizeit nutzen, um sich in Burgund zu bestaunen <a href=\"https:\/\/www.burgund-tourismus.com\/\">Bourgogne<\/a>.<\/p>\n<\/div><\/div><\/section>\n\n<section id=\"section-61dd57d843ca9\"\" class=\"section bg-color1\" \/><div class=\"container extralarge\"><div class=\"colonnes-wrap valign-top \"><div class=\"element colonne \"><div class=\"element images\"><div class=\"image\"><img decoding=\"async\" src=\"https:\/\/www.campingaubonendroit.fr\/wp-content\/uploads\/2022\/02\/bourgogne-basilique-paray-le-monial-100x68.jpg\" data-src=\"https:\/\/www.campingaubonendroit.fr\/wp-content\/uploads\/2022\/02\/bourgogne-basilique-paray-le-monial.jpg\" alt=\"bourgogne basilique paray le monial\" class=\"images_image\" \/><\/div><\/div><\/div><div class=\"element colonne \"><h2 class=\"element section-title justify\">Top 5 Sehensw\u00fcrdigkeiten in Burgund<\/h2><div class=\"element bloc-text justify \">\n\t<p>Abwechslungsreiche, h\u00fcgelige Landschaften, Fl\u00fcsse, Seen und W\u00e4lder &#8211; unsere Region l\u00e4dt in jedem Moment zu einer Reise ein. F\u00fcnf Orte sind in Burgund sehenswert :<\/p>\n<ul>\n<li>Besuchen Sie die architektonischen Reicht\u00fcmer der <a href=\"https:\/\/www.hospices-de-beaune.com\/\">Hospices de Beaune<\/a> ;<\/li>\n<li>Begeben Sie sich auf die Pfade der Route des Grands Crus de Bourgogne ;<\/li>\n<li>Besuchen Sie die Stadt <a href=\"https:\/\/www.dijon.fr\/\">Dijon<\/a> ;<\/li>\n<li>Im <a href=\"https:\/\/www.parcdumorvan.org\/\">Regionalen Naturpark Morvan<\/a> wandern ;<\/li>\n<li>Entdecken Sie die <a href=\"https:\/\/www.abbayedefontenay.com\/en\/\">Abtei von Fontenay<\/a>.<\/li>\n<\/ul>\n<\/div><\/div><\/div><\/div><\/section>\n\n<section id=\"section-ancre2\"\" class=\"section bg-white\" \/><div class=\"container extralarge\"><div class=\"colonnes-wrap valign-top \"><div class=\"element colonne \"><h2 class=\"element section-title justify\">Aktivit\u00e4ten in der N\u00e4he des Campingplatzes<\/h2><div class=\"element bloc-text justify \">\n\t<ul>\n<li style=\"list-style-type: none;\">\n<ul>\n<li><a href=\"https:\/\/www.montgolfieresencharolais.com\/\">Hei\u00dfluftballon in Charolles<\/a> 15 min<\/li>\n<\/ul>\n<\/li>\n<\/ul>\n<p>Begeben Sie sich in luftige H\u00f6hen, um die wunderbare Landschaft des Charolais zu bewundern!<\/p>\n<p>15 Minuten vom Campingplatz entfernt l\u00e4dt Sie Les Montgolfi\u00e8res en Charolais dazu ein, \u00fcber W\u00e4lder, H\u00fcgel, Fl\u00fcsse und gr\u00fcne Wiesen zu fliegen, die von unseren Charolais-K\u00fchen aus der Bocage Charolais beweidet werden.<\/p>\n<p>Als Geschenk, zur Erf\u00fcllung eines Traums oder zur Entdeckung unserer Landschaften ist eine Ballonfahrertaufe ideal, um Ihnen eine bleibende Erinnerung an Ihren Aufenthalt im Burgund zu hinterlassen.<\/p>\n<ul>\n<li style=\"list-style-type: none;\">\n<ul>\n<li><a href=\"https:\/\/www.croisiere-digoin.fr\/\">Kreuzfahrt mit dem Boot<\/a><\/li>\n<\/ul>\n<\/li>\n<\/ul>\n<p>Begeben Sie sich auf eine 1,5-st\u00fcndige Bootsfahrt auf dem Kanal von Digoin. Haben Sie Lust, diesen ruhigen Moment l\u00e4nger zu genie\u00dfen? Die Croisi\u00e8re de Digoin, 12 Min. vom Campingplatz entfernt, bietet Ihnen eine dreist\u00fcndige Formel mit eingeschlossener Mahlzeit.<\/p>\n<\/div><\/div><div class=\"element colonne \"><div class=\"element images\"><div class=\"image\"><img decoding=\"async\" src=\"https:\/\/www.campingaubonendroit.fr\/wp-content\/uploads\/2022\/01\/activite-montgolfiere-bourgogne-100x67.jpg\" data-src=\"https:\/\/www.campingaubonendroit.fr\/wp-content\/uploads\/2022\/01\/activite-montgolfiere-bourgogne.jpg\" alt=\"activite montgolfiere bourgogne\" class=\"images_image\" \/><\/div><\/div><\/div><\/div><\/div><\/section>\n\n<section id=\"section-ancre1\"\" class=\"section bg-color1\" \/><div class=\"container extralarge\"><div class=\"colonnes-wrap valign-top \"><div class=\"element colonne \"><div class=\"element images\"><div class=\"image\"><img decoding=\"async\" src=\"https:\/\/www.campingaubonendroit.fr\/wp-content\/uploads\/2022\/01\/visiter-zoo-bourgogone-100x67.jpg\" data-src=\"https:\/\/www.campingaubonendroit.fr\/wp-content\/uploads\/2022\/01\/visiter-zoo-bourgogone.jpg\" alt=\"bourgogne basilique paray le monial\" class=\"images_image\" \/><\/div><\/div><\/div><div class=\"element colonne \"><div class=\"element bloc-text justify \">\n\t<ul>\n<li style=\"list-style-type: none;\">\n<ul>\n<li>Safariland und Le Pal<\/li>\n<\/ul>\n<\/li>\n<\/ul>\n<p>Ein erlebnisreicher Tag steht Ihnen bevor!<br \/>\nDer Kinderspielplatz <a href=\"https:\/\/safariland.fr\/\">Safariland<\/a> in Torcy ist nur 36 Minuten von Ihrer Ferienunterkunft entfernt. Dieser Spielplatz bietet H\u00fcpfburgen und Rutschen f\u00fcr Kinder von 0 bis 12 Jahren.<\/p>\n<p>Im <a href=\"https:\/\/en.lepal.com\/?pk_vid=ed887ca2939d1e7b17539463655686e6\">Pal<\/a> leben mehr als 1 000 wilde Tiere! Dieser Tierpark ist die perfekte Kombination aus Entdeckung und Unterhaltung. Entdecken Sie die Tierwelt mit den Tierpr\u00e4sentationen und p\u00e4dagogischen Animationen und unterhalten Sie sich mit dem Zugang zu aufregenden Attraktionen in der gesamten Anlage.<\/p>\n<ul>\n<li style=\"list-style-type: none;\">\n<ul>\n<li>Mosaikpraktikum<\/li>\n<\/ul>\n<\/li>\n<\/ul>\n<p>Das <a href=\"https:\/\/maisondelamosaique.org\/\">Maison de la Mosa\u00efque Contemporaine<\/a>, ein Ausbildungszentrum in Paray-le-Monial, 5 Minuten vom Campingplatz entfernt, bietet Ihnen einw\u00f6chige Kurse, die von Fachleuten geleitet werden, oder mehrst\u00fcndige Kurse, die von Freiwilligen geleitet werden.<\/p>\n<ul>\n<li style=\"list-style-type: none;\">\n<ul>\n<li>Kanu- und Kajakverleih<\/li>\n<\/ul>\n<\/li>\n<\/ul>\n<p>Fahren Sie mit einem <a href=\"https:\/\/www.tourismecharolaisbrionnais.fr\/activites-nautiques\/arganoe-ASCBOU071139017.html\">Kanu oder Kajak von Baugy<\/a> aus die Loire hinunter, 20 von Ihrer Mietunterkunft entfernt.<\/p>\n<\/div><\/div><\/div><\/div><\/section>\n\n<section id=\"section-61d2dc3bb1474\"\" class=\"section bg-white\" \/><div class=\"container extralarge\"><div class=\"element section-title center\">Entdecken Sie Burgund und unsere Unterk\u00fcnfte in Paray le Monial<\/div><ul class=\"liste-de-page\"><li class=\"element call-to-action carre call-to-action--style-1 call-to-action--big\"><a href=\"https:\/\/www.campingaubonendroit.fr\/de\/campingplatz-schwimmbad-paray-le-monial\/\"  class=\"call-to-action_link\" title=\"En savoir plus sur schwimmbad\"><div class=\"call-to-action_image\"><img decoding=\"async\" src=\"https:\/\/www.campingaubonendroit.fr\/wp-content\/uploads\/2022\/01\/banner-camping-piscine-100x26.jpg\" data-src=\"https:\/\/www.campingaubonendroit.fr\/wp-content\/uploads\/2022\/01\/banner-camping-piscine.jpg\" alt=\"camping piscine bourgogne\" class=\"big\" \/><\/div><div class=\"call-to-action_contenu\"><div class=\"call-to-action_titre\"><span>+<\/span>Schwimmbad<\/div><\/div><\/a><\/li><li class=\"element call-to-action carre call-to-action--style-1 call-to-action--big call-to-action--style-1 call-to-action--big\"><a href=\"https:\/\/www.campingaubonendroit.fr\/de\/legale-erwahnungen\/\"  class=\"call-to-action_link\" title=\"En savoir plus sur rechtliche hinweise\"><div class=\"call-to-action_image\"><img decoding=\"async\" src=\"https:\/\/www.campingaubonendroit.fr\/wp-content\/uploads\/2022\/12\/IMG_2685-100x75.jpg\" data-src=\"https:\/\/www.campingaubonendroit.fr\/wp-content\/uploads\/2022\/12\/IMG_2685-scaled.jpg\" alt=\"piscine-camping-bon-endroit\" class=\"big\" \/><\/div><div class=\"call-to-action_contenu\"><div class=\"call-to-action_titre\"><span>+<\/span>Rechtliche Hinweise<\/div><\/div><\/a><\/li><li class=\"element call-to-action carre call-to-action--style-1 call-to-action--big call-to-action--style-1 call-to-action--big call-to-action--style-1 call-to-action--big\"><a href=\"https:\/\/www.campingaubonendroit.fr\/de\/tourismus-burgund\/\"  class=\"call-to-action_link\" title=\"En savoir plus sur bourgogne\"><div class=\"call-to-action_image\"><img decoding=\"async\" src=\"https:\/\/www.campingaubonendroit.fr\/wp-content\/uploads\/2022\/02\/bourgogne-visite-100x26.jpg\" data-src=\"https:\/\/www.campingaubonendroit.fr\/wp-content\/uploads\/2022\/02\/bourgogne-visite.jpg\" alt=\"visiter la bourgogne\" class=\"big\" \/><\/div><div class=\"call-to-action_contenu\"><div class=\"call-to-action_titre\"><span>+<\/span>Bourgogne<\/div><\/div><\/a><\/li><\/ul><\/div><\/section>","protected":false},"excerpt":{"rendered":"","protected":false},"author":1,"featured_media":2146,"parent":0,"menu_order":0,"comment_status":"closed","ping_status":"closed","template":"","meta":{"_acf_changed":false,"footnotes":""},"class_list":["post-2412","page","type-page","status-publish","has-post-thumbnail","hentry"],"acf":[],"yoast_head":"<!-- This site is optimized with the Yoast SEO plugin v25.3 - https:\/\/yoast.com\/wordpress\/plugins\/seo\/ -->\n<title>Aktivit\u00e4ten in Burgund | Sehensw\u00fcrdigkeiten in Burgund<\/title>\n<meta name=\"robots\" content=\"index, follow, max-snippet:-1, max-image-preview:large, max-video-preview:-1\" \/>\n<link rel=\"canonical\" href=\"https:\/\/www.campingaubonendroit.fr\/de\/aktivitaten-burgund\/\" \/>\n<meta property=\"og:locale\" content=\"de_DE\" \/>\n<meta property=\"og:type\" content=\"article\" \/>\n<meta property=\"og:title\" content=\"Aktivit\u00e4ten in Burgund | Sehensw\u00fcrdigkeiten in Burgund\" \/>\n<meta property=\"og:url\" content=\"https:\/\/www.campingaubonendroit.fr\/de\/aktivitaten-burgund\/\" \/>\n<meta property=\"og:site_name\" content=\"Camping Bon Endroit\" \/>\n<meta property=\"article:modified_time\" content=\"2025-07-31T07:46:26+00:00\" \/>\n<meta property=\"og:image\" content=\"https:\/\/www.campingaubonendroit.fr\/wp-content\/uploads\/2022\/02\/tourisme-bourgogne-vignoble.jpg\" \/>\n\t<meta property=\"og:image:width\" content=\"1900\" \/>\n\t<meta property=\"og:image:height\" content=\"500\" \/>\n\t<meta property=\"og:image:type\" content=\"image\/jpeg\" \/>\n<meta name=\"twitter:card\" content=\"summary_large_image\" \/>\n<meta name=\"twitter:label1\" content=\"Gesch\u00e4tzte Lesezeit\" \/>\n\t<meta name=\"twitter:data1\" content=\"1\u00a0Minute\" \/>\n<script type=\"application\/ld+json\" class=\"yoast-schema-graph\">{\"@context\":\"https:\/\/schema.org\",\"@graph\":[{\"@type\":\"WebPage\",\"@id\":\"https:\/\/www.campingaubonendroit.fr\/de\/aktivitaten-burgund\/\",\"url\":\"https:\/\/www.campingaubonendroit.fr\/de\/aktivitaten-burgund\/\",\"name\":\"Aktivit\u00e4ten in Burgund | Sehensw\u00fcrdigkeiten in Burgund\",\"isPartOf\":{\"@id\":\"https:\/\/www.campingaubonendroit.fr\/de\/#website\"},\"primaryImageOfPage\":{\"@id\":\"https:\/\/www.campingaubonendroit.fr\/de\/aktivitaten-burgund\/#primaryimage\"},\"image\":{\"@id\":\"https:\/\/www.campingaubonendroit.fr\/de\/aktivitaten-burgund\/#primaryimage\"},\"thumbnailUrl\":\"https:\/\/www.campingaubonendroit.fr\/wp-content\/uploads\/2022\/02\/tourisme-bourgogne-vignoble.jpg\",\"datePublished\":\"2021-12-30T07:46:07+00:00\",\"dateModified\":\"2025-07-31T07:46:26+00:00\",\"breadcrumb\":{\"@id\":\"https:\/\/www.campingaubonendroit.fr\/de\/aktivitaten-burgund\/#breadcrumb\"},\"inLanguage\":\"de\",\"potentialAction\":[{\"@type\":\"ReadAction\",\"target\":[\"https:\/\/www.campingaubonendroit.fr\/de\/aktivitaten-burgund\/\"]}]},{\"@type\":\"ImageObject\",\"inLanguage\":\"de\",\"@id\":\"https:\/\/www.campingaubonendroit.fr\/de\/aktivitaten-burgund\/#primaryimage\",\"url\":\"https:\/\/www.campingaubonendroit.fr\/wp-content\/uploads\/2022\/02\/tourisme-bourgogne-vignoble.jpg\",\"contentUrl\":\"https:\/\/www.campingaubonendroit.fr\/wp-content\/uploads\/2022\/02\/tourisme-bourgogne-vignoble.jpg\",\"width\":1900,\"height\":500,\"caption\":\"tourisme vignoble bourgogne\"},{\"@type\":\"BreadcrumbList\",\"@id\":\"https:\/\/www.campingaubonendroit.fr\/de\/aktivitaten-burgund\/#breadcrumb\",\"itemListElement\":[{\"@type\":\"ListItem\",\"position\":1,\"name\":\"Campingplatz Bourgogne\",\"item\":\"https:\/\/www.campingaubonendroit.fr\/de\/\"},{\"@type\":\"ListItem\",\"position\":2,\"name\":\"Aktivit\u00e4ten in Burgund\"}]},{\"@type\":\"WebSite\",\"@id\":\"https:\/\/www.campingaubonendroit.fr\/de\/#website\",\"url\":\"https:\/\/www.campingaubonendroit.fr\/de\/\",\"name\":\"Camping Bon Endroit\",\"description\":\"\",\"publisher\":{\"@id\":\"https:\/\/www.campingaubonendroit.fr\/de\/#organization\"},\"potentialAction\":[{\"@type\":\"SearchAction\",\"target\":{\"@type\":\"EntryPoint\",\"urlTemplate\":\"https:\/\/www.campingaubonendroit.fr\/de\/?s={search_term_string}\"},\"query-input\":{\"@type\":\"PropertyValueSpecification\",\"valueRequired\":true,\"valueName\":\"search_term_string\"}}],\"inLanguage\":\"de\"},{\"@type\":\"Organization\",\"@id\":\"https:\/\/www.campingaubonendroit.fr\/de\/#organization\",\"name\":\"Camping Au Bon Endroit\",\"url\":\"https:\/\/www.campingaubonendroit.fr\/de\/\",\"logo\":{\"@type\":\"ImageObject\",\"inLanguage\":\"de\",\"@id\":\"https:\/\/www.campingaubonendroit.fr\/de\/#\/schema\/logo\/image\/\",\"url\":\"https:\/\/www.campingaubonendroit.fr\/wp-content\/uploads\/2021\/12\/camping-bon-endroit-logo.png\",\"contentUrl\":\"https:\/\/www.campingaubonendroit.fr\/wp-content\/uploads\/2021\/12\/camping-bon-endroit-logo.png\",\"width\":274,\"height\":222,\"caption\":\"Camping Au Bon Endroit\"},\"image\":{\"@id\":\"https:\/\/www.campingaubonendroit.fr\/de\/#\/schema\/logo\/image\/\"}}]}<\/script>\n<!-- \/ Yoast SEO plugin. -->","yoast_head_json":{"title":"Aktivit\u00e4ten in Burgund | Sehensw\u00fcrdigkeiten in Burgund","robots":{"index":"index","follow":"follow","max-snippet":"max-snippet:-1","max-image-preview":"max-image-preview:large","max-video-preview":"max-video-preview:-1"},"canonical":"https:\/\/www.campingaubonendroit.fr\/de\/aktivitaten-burgund\/","og_locale":"de_DE","og_type":"article","og_title":"Aktivit\u00e4ten in Burgund | Sehensw\u00fcrdigkeiten in Burgund","og_url":"https:\/\/www.campingaubonendroit.fr\/de\/aktivitaten-burgund\/","og_site_name":"Camping Bon Endroit","article_modified_time":"2025-07-31T07:46:26+00:00","og_image":[{"width":1900,"height":500,"url":"https:\/\/www.campingaubonendroit.fr\/wp-content\/uploads\/2022\/02\/tourisme-bourgogne-vignoble.jpg","type":"image\/jpeg"}],"twitter_card":"summary_large_image","twitter_misc":{"Gesch\u00e4tzte Lesezeit":"1\u00a0Minute"},"schema":{"@context":"https:\/\/schema.org","@graph":[{"@type":"WebPage","@id":"https:\/\/www.campingaubonendroit.fr\/de\/aktivitaten-burgund\/","url":"https:\/\/www.campingaubonendroit.fr\/de\/aktivitaten-burgund\/","name":"Aktivit\u00e4ten in Burgund | Sehensw\u00fcrdigkeiten in Burgund","isPartOf":{"@id":"https:\/\/www.campingaubonendroit.fr\/de\/#website"},"primaryImageOfPage":{"@id":"https:\/\/www.campingaubonendroit.fr\/de\/aktivitaten-burgund\/#primaryimage"},"image":{"@id":"https:\/\/www.campingaubonendroit.fr\/de\/aktivitaten-burgund\/#primaryimage"},"thumbnailUrl":"https:\/\/www.campingaubonendroit.fr\/wp-content\/uploads\/2022\/02\/tourisme-bourgogne-vignoble.jpg","datePublished":"2021-12-30T07:46:07+00:00","dateModified":"2025-07-31T07:46:26+00:00","breadcrumb":{"@id":"https:\/\/www.campingaubonendroit.fr\/de\/aktivitaten-burgund\/#breadcrumb"},"inLanguage":"de","potentialAction":[{"@type":"ReadAction","target":["https:\/\/www.campingaubonendroit.fr\/de\/aktivitaten-burgund\/"]}]},{"@type":"ImageObject","inLanguage":"de","@id":"https:\/\/www.campingaubonendroit.fr\/de\/aktivitaten-burgund\/#primaryimage","url":"https:\/\/www.campingaubonendroit.fr\/wp-content\/uploads\/2022\/02\/tourisme-bourgogne-vignoble.jpg","contentUrl":"https:\/\/www.campingaubonendroit.fr\/wp-content\/uploads\/2022\/02\/tourisme-bourgogne-vignoble.jpg","width":1900,"height":500,"caption":"tourisme vignoble bourgogne"},{"@type":"BreadcrumbList","@id":"https:\/\/www.campingaubonendroit.fr\/de\/aktivitaten-burgund\/#breadcrumb","itemListElement":[{"@type":"ListItem","position":1,"name":"Campingplatz Bourgogne","item":"https:\/\/www.campingaubonendroit.fr\/de\/"},{"@type":"ListItem","position":2,"name":"Aktivit\u00e4ten in Burgund"}]},{"@type":"WebSite","@id":"https:\/\/www.campingaubonendroit.fr\/de\/#website","url":"https:\/\/www.campingaubonendroit.fr\/de\/","name":"Camping Bon Endroit","description":"","publisher":{"@id":"https:\/\/www.campingaubonendroit.fr\/de\/#organization"},"potentialAction":[{"@type":"SearchAction","target":{"@type":"EntryPoint","urlTemplate":"https:\/\/www.campingaubonendroit.fr\/de\/?s={search_term_string}"},"query-input":{"@type":"PropertyValueSpecification","valueRequired":true,"valueName":"search_term_string"}}],"inLanguage":"de"},{"@type":"Organization","@id":"https:\/\/www.campingaubonendroit.fr\/de\/#organization","name":"Camping Au Bon Endroit","url":"https:\/\/www.campingaubonendroit.fr\/de\/","logo":{"@type":"ImageObject","inLanguage":"de","@id":"https:\/\/www.campingaubonendroit.fr\/de\/#\/schema\/logo\/image\/","url":"https:\/\/www.campingaubonendroit.fr\/wp-content\/uploads\/2021\/12\/camping-bon-endroit-logo.png","contentUrl":"https:\/\/www.campingaubonendroit.fr\/wp-content\/uploads\/2021\/12\/camping-bon-endroit-logo.png","width":274,"height":222,"caption":"Camping Au Bon Endroit"},"image":{"@id":"https:\/\/www.campingaubonendroit.fr\/de\/#\/schema\/logo\/image\/"}}]}},"_links":{"self":[{"href":"https:\/\/www.campingaubonendroit.fr\/de\/wp-json\/wp\/v2\/pages\/2412"}],"collection":[{"href":"https:\/\/www.campingaubonendroit.fr\/de\/wp-json\/wp\/v2\/pages"}],"about":[{"href":"https:\/\/www.campingaubonendroit.fr\/de\/wp-json\/wp\/v2\/types\/page"}],"author":[{"embeddable":true,"href":"https:\/\/www.campingaubonendroit.fr\/de\/wp-json\/wp\/v2\/users\/1"}],"replies":[{"embeddable":true,"href":"https:\/\/www.campingaubonendroit.fr\/de\/wp-json\/wp\/v2\/comments?post=2412"}],"version-history":[{"count":9,"href":"https:\/\/www.campingaubonendroit.fr\/de\/wp-json\/wp\/v2\/pages\/2412\/revisions"}],"predecessor-version":[{"id":3072,"href":"https:\/\/www.campingaubonendroit.fr\/de\/wp-json\/wp\/v2\/pages\/2412\/revisions\/3072"}],"wp:featuredmedia":[{"embeddable":true,"href":"https:\/\/www.campingaubonendroit.fr\/de\/wp-json\/wp\/v2\/media\/2146"}],"wp:attachment":[{"href":"https:\/\/www.campingaubonendroit.fr\/de\/wp-json\/wp\/v2\/media?parent=2412"}],"curies":[{"name":"wp","href":"https:\/\/api.w.org\/{rel}","templated":true}]}}