{"id":2427,"date":"2021-12-30T08:45:39","date_gmt":"2021-12-30T07:45:39","guid":{"rendered":"https:\/\/www.campingaubonendroit.fr\/location-emplacement-paray-le-monial\/"},"modified":"2025-07-30T16:30:40","modified_gmt":"2025-07-30T14:30:40","slug":"vermietung-wohnung-paray-le-monial","status":"publish","type":"page","link":"https:\/\/www.campingaubonendroit.fr\/de\/vermietung-wohnung-paray-le-monial\/","title":{"rendered":"Standorte"},"content":{"rendered":"<section id=\"section-61d2dc3bb1009\"\" class=\"section bg-white\" \/><div class=\"container\"><h1 class=\"element section-title center m-b-0\"> Unsere Stellpl\u00e4tze f\u00fcr Wohnmobile und Wohnwagen<span>im Burgund<\/span><\/h1><\/div><\/section>\n\n<section id=\"section-61dc423dc2ad3\"\" class=\"section bg-white\" \/><div class=\"container\"><div class=\"element bloc-text\">\n\t<script>\r\n    window.ctoutvert = {\r\n        id: 11221,\r\n        lang: 'de',\r\n        url: 'https:\/\/bookingpremium.secureholiday.net\/widgets\/', \r\n    };\r\n    (function (w, d, s, ctv, r, js, fjs) {\r\n        r=new XMLHttpRequest();r.open('GET',w[ctv].url+'js\/src.json');\r\n        r.responseType='json';r.json=true;r.send();\r\n        r.onload=function(){w[ctv].src=r.responseType=='json'?r.response:JSON.parse(r.response);\r\n        js.src=w[ctv].src[0];fjs.parentNode.insertBefore(js, fjs);}\r\n        js=d.createElement(s),fjs=d.getElementsByTagName(s)[0];\r\n        js.id='ctvwidget';js.async=1;\r\n    }(window, document, 'script', 'ctoutvert'));\r\n<\/script>\r\n<ctv-availability data-product-type='pitch' data-background-color='#FFFFFFFF' ><\/ctv-availability><\/div><\/div><\/section>\n\n<section id=\"section-61d2dc3bb113c\"\" class=\"section bg-color5\" \/><div class=\"container extralarge\"><div class=\"colonnes-wrap valign-top \"><div class=\"element colonne \"><div class=\"element images\"><div class=\"image\"><img decoding=\"async\" src=\"https:\/\/www.campingaubonendroit.fr\/wp-content\/uploads\/2022\/02\/emplacement-van-camping-100x73.jpg\" data-src=\"https:\/\/www.campingaubonendroit.fr\/wp-content\/uploads\/2022\/02\/emplacement-van-camping.jpg\" alt=\"emplacement van camping\" class=\"images_image\" \/><\/div><\/div><\/div><div class=\"element colonne \"><h2 class=\"element section-title center\">Qualit\u00e4t unserer Caravaning-Stellpl\u00e4tze in der N\u00e4he von M\u00e2con in Paray-le-Monial<\/h2><div class=\"element bloc-text justify \">\n\t<p>F\u00fcr Ihren Urlaub in Burgund bietet Ihnen unser <a href=\"\/de\">Campingplatz in Paray-le-Monial<\/a> zur <strong class=\"bold color1\">Vermietung<\/strong> Stellpl\u00e4tze in einer <strong class=\"bold color1\">nat\u00fcrlichen<\/strong> Umgebung an.<\/p>\n<p>Im Herzen der Ebenen im S\u00fcden Burgunds bieten unsere Stellpl\u00e4tze und Mobilheime in der N\u00e4he von M\u00e2con Komfort und Qualit\u00e4t. Die ganze Saison \u00fcber erm\u00f6glichen wir Ihnen, dank unserer Sonderangebote von den besten Preisen in Paray-le-Monial zu profitieren.<\/p>\n<p>Unser Wohnmobilstellplatz in Burgund verf\u00fcgt \u00fcber Stellpl\u00e4tze f\u00fcr Wohnwagen und Wohnmobile, die in unserem 3,5 Hektar gro\u00dfen gr\u00fcnen Park verteilt sind. Alle unsere Stellpl\u00e4tze befinden sich in der N\u00e4he der Einrichtungen und zahlreichen Serviceangebote des Campingplatzes.<\/p>\n<\/div><\/div><\/div><\/div><\/section>\n\n<section id=\"section-61d2dc3bb1254\"\" class=\"section home-third bg-white section--has-bg-img\" \/><img decoding=\"async\" src=\"https:\/\/www.campingaubonendroit.fr\/wp-content\/uploads\/2022\/02\/location-emplacement-bourgogne-100x56.jpg\" data-src=\"https:\/\/www.campingaubonendroit.fr\/wp-content\/uploads\/2022\/02\/location-emplacement-bourgogne.jpg\" alt=\"location emplacement bourgogne\" class=\"section_bg-img\" data-opacite=\"1\"\/><div class=\"container large\"><h2 class=\"element section-title center\">Dienstleistungen f\u00fcr Stellpl\u00e4tze und Sanit\u00e4ranlagen<\/h2><div class=\"element bloc-text center \">\n\t<p>Die Sanit\u00e4ranlagen sind ein wichtiger Teil des Campingplatzes. Sie sind f\u00fcr alle Camper verf\u00fcgbar und befinden sich in der N\u00e4he der Mietstellpl\u00e4tze. Unsere Sanit\u00e4ranlagen im Innenbereich sind mit zahlreichen Accessoires ausgestattet (Toilettenpapier in jeder Toilette, Haartrockner, Babybereich und Wickeltische, Geschirrsp\u00fclbecken mit Warm- und Kaltwasseranschluss).<\/p>\n<p>Wir werden st\u00e4ndig kontrolliert und gereinigt und bem\u00fchen uns, Ihnen f\u00fcr alle Mietpl\u00e4tze qualitativ hochwertige Sanit\u00e4ranlagen (Hygieneprotokolle, hydroalkoholisches Gel und regelm\u00e4\u00dfige Desinfektion) zur <strong class=\"bold color1\">Verf\u00fcgung zu stellen<\/strong>. Au\u00dferdem garantieren wir Ihnen durchgehend warmes Wasser. Die Qualit\u00e4t unserer Sanit\u00e4ranlagen ist eine Garantie f\u00fcr die Qualit\u00e4t unseres Campingplatzes in Burgund.<\/p>\n<p>Auf unserem Campingplatz gibt es drei Sanit\u00e4ranlagen: eine <strong class=\"bold color1\">Sanit\u00e4ranlage mit Zugang f\u00fcr Behinderte<\/strong>, eine Sanit\u00e4ranlage mit Kinderzimmer und eine beheizte Sanit\u00e4ranlage in der Nebensaison. Alle drei Sanit\u00e4rbl\u00f6cke verf\u00fcgen \u00fcber einen Waschsalon.<\/p>\n<\/div><\/div><\/section>\n\n<section id=\"section-61d2dc3bb1361\"\" class=\"section bg-color1\" \/><div class=\"container extralarge\"><div class=\"colonnes-wrap valign-top \"><div class=\"element colonne \"><h2 class=\"element section-title center\">Stellpl\u00e4tze mitten im Gr\u00fcnen in Burgund<\/h2><div class=\"element bloc-text justify \">\n\t<p>Unser Campingplatz liegt in einem 3,5 Hektar gro\u00dfen bewaldeten Park mitten in S\u00fcdburgund, und l\u00e4dt zum Entspannen ein. Sich inmitten der Natur erholen, das ist das Motto unseres Familiencampingplatzes in Paray-le-Monial.<\/p>\n<p>Sie haben die M\u00f6glichkeit, Ihre Stellpl\u00e4tze mitten im Gr\u00fcnen zu w\u00e4hlen. Alle unsere Stellpl\u00e4tze befinden sich in der N\u00e4he von Sanit\u00e4ranlagen. Unsere Mietstellpl\u00e4tze sind mit einer Fl\u00e4che von 80 bis 140 m2 verf\u00fcgbar. Sie haben die Wahl der Ausrichtung: halbschattig, schattig und sonnig. Einige unserer Stellpl\u00e4tze sind durch Hecken voneinander getrennt, sodass Sie w\u00e4hrend Ihres Aufenthalts in der Region noch mehr Ruhe genie\u00dfen k\u00f6nnen.<\/p>\n<p>Mit oder ohne Strom f\u00fcr die traditionellen Camper, unser Campingplatz in Burgund, verf\u00fcgt \u00fcber zahlreiche Serviceleistungen: Verleih von Adaptern gegen Kaution. Bereitstellung von K\u00fchlschrank, Gefrierschrank und Mikrowelle. Bettw\u00e4sche kann f\u00fcr die Dauer Ihres Aufenthalts in Paray-le-Monial gemietet werden.<\/p>\n<\/div><\/div><div class=\"element colonne \"><div class=\"element images\"><div class=\"image\"><img decoding=\"async\" src=\"https:\/\/www.campingaubonendroit.fr\/wp-content\/uploads\/2022\/02\/emplacement-tente-camping-bourgogne-100x73.jpg\" data-src=\"https:\/\/www.campingaubonendroit.fr\/wp-content\/uploads\/2022\/02\/emplacement-tente-camping-bourgogne.jpg\" alt=\"emplacement tente bourgogne\" class=\"images_image\" \/><\/div><\/div><\/div><\/div><\/div><\/section>\n\n<section id=\"section-61d2dc3bb1474\"\" class=\"section bg-white\" \/><div class=\"container extralarge\"><div class=\"element section-title center\">Unsere Mobilheime und Preise in Paray le Monial<\/div><ul class=\"liste-de-page\"><li class=\"element call-to-action carre call-to-action--style-1 call-to-action--big\"><a href=\"https:\/\/www.campingaubonendroit.fr\/de\/campingplatz-schwimmbad-paray-le-monial\/\"  class=\"call-to-action_link\" title=\"En savoir plus sur schwimmbad\"><div class=\"call-to-action_image\"><img decoding=\"async\" src=\"https:\/\/www.campingaubonendroit.fr\/wp-content\/uploads\/2022\/01\/banner-camping-piscine-100x26.jpg\" data-src=\"https:\/\/www.campingaubonendroit.fr\/wp-content\/uploads\/2022\/01\/banner-camping-piscine.jpg\" alt=\"camping piscine bourgogne\" class=\"big\" \/><\/div><div class=\"call-to-action_contenu\"><div class=\"call-to-action_titre\"><span>+<\/span>Schwimmbad<\/div><\/div><\/a><\/li><li class=\"element call-to-action carre call-to-action--style-1 call-to-action--big call-to-action--style-1 call-to-action--big\"><a href=\"https:\/\/www.campingaubonendroit.fr\/de\/vermietung-mobilheim-paray-le-monial\/\"  class=\"call-to-action_link\" title=\"En savoir plus sur unsere mobilheime\"><div class=\"call-to-action_image\"><img decoding=\"async\" src=\"https:\/\/www.campingaubonendroit.fr\/wp-content\/uploads\/2022\/12\/IMG_2484-3-100x100.jpg\" data-src=\"https:\/\/www.campingaubonendroit.fr\/wp-content\/uploads\/2022\/12\/IMG_2484-3.jpg\" alt=\"\" class=\"big\" \/><\/div><div class=\"call-to-action_contenu\"><div class=\"call-to-action_titre\"><span>+<\/span>Unsere Mobilheime<\/div><\/div><\/a><\/li><li class=\"element call-to-action carre call-to-action--style-1 call-to-action--big call-to-action--style-1 call-to-action--big call-to-action--style-1 call-to-action--big\"><a href=\"https:\/\/www.campingaubonendroit.fr\/de\/gunstiger-campingplatz-paray-le-monial\/\"  class=\"call-to-action_link\" title=\"En savoir plus sur tarife und angebote\"><div class=\"call-to-action_image\"><img decoding=\"async\" src=\"https:\/\/www.campingaubonendroit.fr\/wp-content\/uploads\/2022\/01\/tente-camping-bon-endroit-100x37.jpg\" data-src=\"https:\/\/www.campingaubonendroit.fr\/wp-content\/uploads\/2022\/01\/tente-camping-bon-endroit.jpg\" alt=\"emplacement tente bourgogne\" class=\"big\" \/><\/div><div class=\"call-to-action_contenu\"><div class=\"call-to-action_titre\"><span>+<\/span>Tarife und Angebote<\/div><\/div><\/a><\/li><\/ul><\/div><\/section>","protected":false},"excerpt":{"rendered":"","protected":false},"author":1,"featured_media":2105,"parent":0,"menu_order":0,"comment_status":"closed","ping_status":"closed","template":"","meta":{"_acf_changed":false,"footnotes":""},"class_list":["post-2427","page","type-page","status-publish","has-post-thumbnail","hentry"],"acf":[],"yoast_head":"<!-- This site is optimized with the Yoast SEO plugin v25.3 - https:\/\/yoast.com\/wordpress\/plugins\/seo\/ -->\n<title>Caravaning Paray-le-Monial | Stellpl\u00e4tze mieten Burgund<\/title>\n<meta name=\"robots\" content=\"index, follow, max-snippet:-1, max-image-preview:large, max-video-preview:-1\" \/>\n<link rel=\"canonical\" href=\"https:\/\/www.campingaubonendroit.fr\/de\/vermietung-wohnung-paray-le-monial\/\" \/>\n<meta property=\"og:locale\" content=\"de_DE\" \/>\n<meta property=\"og:type\" content=\"article\" \/>\n<meta property=\"og:title\" content=\"Caravaning Paray-le-Monial | Stellpl\u00e4tze mieten Burgund\" \/>\n<meta property=\"og:url\" content=\"https:\/\/www.campingaubonendroit.fr\/de\/vermietung-wohnung-paray-le-monial\/\" \/>\n<meta property=\"og:site_name\" content=\"Camping Bon Endroit\" \/>\n<meta property=\"article:modified_time\" content=\"2025-07-30T14:30:40+00:00\" \/>\n<meta property=\"og:image\" content=\"https:\/\/www.campingaubonendroit.fr\/wp-content\/uploads\/2022\/02\/emplacement-caravaning-bourgogne-1.jpg\" \/>\n\t<meta property=\"og:image:width\" content=\"1900\" \/>\n\t<meta property=\"og:image:height\" content=\"550\" \/>\n\t<meta property=\"og:image:type\" content=\"image\/jpeg\" \/>\n<meta name=\"twitter:card\" content=\"summary_large_image\" \/>\n<meta name=\"twitter:label1\" content=\"Gesch\u00e4tzte Lesezeit\" \/>\n\t<meta name=\"twitter:data1\" content=\"1\u00a0Minute\" \/>\n<script type=\"application\/ld+json\" class=\"yoast-schema-graph\">{\"@context\":\"https:\/\/schema.org\",\"@graph\":[{\"@type\":\"WebPage\",\"@id\":\"https:\/\/www.campingaubonendroit.fr\/de\/vermietung-wohnung-paray-le-monial\/\",\"url\":\"https:\/\/www.campingaubonendroit.fr\/de\/vermietung-wohnung-paray-le-monial\/\",\"name\":\"Caravaning Paray-le-Monial | Stellpl\u00e4tze mieten Burgund\",\"isPartOf\":{\"@id\":\"https:\/\/www.campingaubonendroit.fr\/de\/#website\"},\"primaryImageOfPage\":{\"@id\":\"https:\/\/www.campingaubonendroit.fr\/de\/vermietung-wohnung-paray-le-monial\/#primaryimage\"},\"image\":{\"@id\":\"https:\/\/www.campingaubonendroit.fr\/de\/vermietung-wohnung-paray-le-monial\/#primaryimage\"},\"thumbnailUrl\":\"https:\/\/www.campingaubonendroit.fr\/wp-content\/uploads\/2022\/02\/emplacement-caravaning-bourgogne-1.jpg\",\"datePublished\":\"2021-12-30T07:45:39+00:00\",\"dateModified\":\"2025-07-30T14:30:40+00:00\",\"breadcrumb\":{\"@id\":\"https:\/\/www.campingaubonendroit.fr\/de\/vermietung-wohnung-paray-le-monial\/#breadcrumb\"},\"inLanguage\":\"de\",\"potentialAction\":[{\"@type\":\"ReadAction\",\"target\":[\"https:\/\/www.campingaubonendroit.fr\/de\/vermietung-wohnung-paray-le-monial\/\"]}]},{\"@type\":\"ImageObject\",\"inLanguage\":\"de\",\"@id\":\"https:\/\/www.campingaubonendroit.fr\/de\/vermietung-wohnung-paray-le-monial\/#primaryimage\",\"url\":\"https:\/\/www.campingaubonendroit.fr\/wp-content\/uploads\/2022\/02\/emplacement-caravaning-bourgogne-1.jpg\",\"contentUrl\":\"https:\/\/www.campingaubonendroit.fr\/wp-content\/uploads\/2022\/02\/emplacement-caravaning-bourgogne-1.jpg\",\"width\":1900,\"height\":550,\"caption\":\"emplacement caravaning bourgogne\"},{\"@type\":\"BreadcrumbList\",\"@id\":\"https:\/\/www.campingaubonendroit.fr\/de\/vermietung-wohnung-paray-le-monial\/#breadcrumb\",\"itemListElement\":[{\"@type\":\"ListItem\",\"position\":1,\"name\":\"Campingplatz Bourgogne\",\"item\":\"https:\/\/www.campingaubonendroit.fr\/de\/\"},{\"@type\":\"ListItem\",\"position\":2,\"name\":\"Caravaning-Campingplatz in Paray-le-Monial\"}]},{\"@type\":\"WebSite\",\"@id\":\"https:\/\/www.campingaubonendroit.fr\/de\/#website\",\"url\":\"https:\/\/www.campingaubonendroit.fr\/de\/\",\"name\":\"Camping Bon Endroit\",\"description\":\"\",\"publisher\":{\"@id\":\"https:\/\/www.campingaubonendroit.fr\/de\/#organization\"},\"potentialAction\":[{\"@type\":\"SearchAction\",\"target\":{\"@type\":\"EntryPoint\",\"urlTemplate\":\"https:\/\/www.campingaubonendroit.fr\/de\/?s={search_term_string}\"},\"query-input\":{\"@type\":\"PropertyValueSpecification\",\"valueRequired\":true,\"valueName\":\"search_term_string\"}}],\"inLanguage\":\"de\"},{\"@type\":\"Organization\",\"@id\":\"https:\/\/www.campingaubonendroit.fr\/de\/#organization\",\"name\":\"Camping Au Bon Endroit\",\"url\":\"https:\/\/www.campingaubonendroit.fr\/de\/\",\"logo\":{\"@type\":\"ImageObject\",\"inLanguage\":\"de\",\"@id\":\"https:\/\/www.campingaubonendroit.fr\/de\/#\/schema\/logo\/image\/\",\"url\":\"https:\/\/www.campingaubonendroit.fr\/wp-content\/uploads\/2021\/12\/camping-bon-endroit-logo.png\",\"contentUrl\":\"https:\/\/www.campingaubonendroit.fr\/wp-content\/uploads\/2021\/12\/camping-bon-endroit-logo.png\",\"width\":274,\"height\":222,\"caption\":\"Camping Au Bon Endroit\"},\"image\":{\"@id\":\"https:\/\/www.campingaubonendroit.fr\/de\/#\/schema\/logo\/image\/\"}}]}<\/script>\n<!-- \/ Yoast SEO plugin. -->","yoast_head_json":{"title":"Caravaning Paray-le-Monial | Stellpl\u00e4tze mieten Burgund","robots":{"index":"index","follow":"follow","max-snippet":"max-snippet:-1","max-image-preview":"max-image-preview:large","max-video-preview":"max-video-preview:-1"},"canonical":"https:\/\/www.campingaubonendroit.fr\/de\/vermietung-wohnung-paray-le-monial\/","og_locale":"de_DE","og_type":"article","og_title":"Caravaning Paray-le-Monial | Stellpl\u00e4tze mieten Burgund","og_url":"https:\/\/www.campingaubonendroit.fr\/de\/vermietung-wohnung-paray-le-monial\/","og_site_name":"Camping Bon Endroit","article_modified_time":"2025-07-30T14:30:40+00:00","og_image":[{"width":1900,"height":550,"url":"https:\/\/www.campingaubonendroit.fr\/wp-content\/uploads\/2022\/02\/emplacement-caravaning-bourgogne-1.jpg","type":"image\/jpeg"}],"twitter_card":"summary_large_image","twitter_misc":{"Gesch\u00e4tzte Lesezeit":"1\u00a0Minute"},"schema":{"@context":"https:\/\/schema.org","@graph":[{"@type":"WebPage","@id":"https:\/\/www.campingaubonendroit.fr\/de\/vermietung-wohnung-paray-le-monial\/","url":"https:\/\/www.campingaubonendroit.fr\/de\/vermietung-wohnung-paray-le-monial\/","name":"Caravaning Paray-le-Monial | Stellpl\u00e4tze mieten Burgund","isPartOf":{"@id":"https:\/\/www.campingaubonendroit.fr\/de\/#website"},"primaryImageOfPage":{"@id":"https:\/\/www.campingaubonendroit.fr\/de\/vermietung-wohnung-paray-le-monial\/#primaryimage"},"image":{"@id":"https:\/\/www.campingaubonendroit.fr\/de\/vermietung-wohnung-paray-le-monial\/#primaryimage"},"thumbnailUrl":"https:\/\/www.campingaubonendroit.fr\/wp-content\/uploads\/2022\/02\/emplacement-caravaning-bourgogne-1.jpg","datePublished":"2021-12-30T07:45:39+00:00","dateModified":"2025-07-30T14:30:40+00:00","breadcrumb":{"@id":"https:\/\/www.campingaubonendroit.fr\/de\/vermietung-wohnung-paray-le-monial\/#breadcrumb"},"inLanguage":"de","potentialAction":[{"@type":"ReadAction","target":["https:\/\/www.campingaubonendroit.fr\/de\/vermietung-wohnung-paray-le-monial\/"]}]},{"@type":"ImageObject","inLanguage":"de","@id":"https:\/\/www.campingaubonendroit.fr\/de\/vermietung-wohnung-paray-le-monial\/#primaryimage","url":"https:\/\/www.campingaubonendroit.fr\/wp-content\/uploads\/2022\/02\/emplacement-caravaning-bourgogne-1.jpg","contentUrl":"https:\/\/www.campingaubonendroit.fr\/wp-content\/uploads\/2022\/02\/emplacement-caravaning-bourgogne-1.jpg","width":1900,"height":550,"caption":"emplacement caravaning bourgogne"},{"@type":"BreadcrumbList","@id":"https:\/\/www.campingaubonendroit.fr\/de\/vermietung-wohnung-paray-le-monial\/#breadcrumb","itemListElement":[{"@type":"ListItem","position":1,"name":"Campingplatz Bourgogne","item":"https:\/\/www.campingaubonendroit.fr\/de\/"},{"@type":"ListItem","position":2,"name":"Caravaning-Campingplatz in Paray-le-Monial"}]},{"@type":"WebSite","@id":"https:\/\/www.campingaubonendroit.fr\/de\/#website","url":"https:\/\/www.campingaubonendroit.fr\/de\/","name":"Camping Bon Endroit","description":"","publisher":{"@id":"https:\/\/www.campingaubonendroit.fr\/de\/#organization"},"potentialAction":[{"@type":"SearchAction","target":{"@type":"EntryPoint","urlTemplate":"https:\/\/www.campingaubonendroit.fr\/de\/?s={search_term_string}"},"query-input":{"@type":"PropertyValueSpecification","valueRequired":true,"valueName":"search_term_string"}}],"inLanguage":"de"},{"@type":"Organization","@id":"https:\/\/www.campingaubonendroit.fr\/de\/#organization","name":"Camping Au Bon Endroit","url":"https:\/\/www.campingaubonendroit.fr\/de\/","logo":{"@type":"ImageObject","inLanguage":"de","@id":"https:\/\/www.campingaubonendroit.fr\/de\/#\/schema\/logo\/image\/","url":"https:\/\/www.campingaubonendroit.fr\/wp-content\/uploads\/2021\/12\/camping-bon-endroit-logo.png","contentUrl":"https:\/\/www.campingaubonendroit.fr\/wp-content\/uploads\/2021\/12\/camping-bon-endroit-logo.png","width":274,"height":222,"caption":"Camping Au Bon Endroit"},"image":{"@id":"https:\/\/www.campingaubonendroit.fr\/de\/#\/schema\/logo\/image\/"}}]}},"_links":{"self":[{"href":"https:\/\/www.campingaubonendroit.fr\/de\/wp-json\/wp\/v2\/pages\/2427"}],"collection":[{"href":"https:\/\/www.campingaubonendroit.fr\/de\/wp-json\/wp\/v2\/pages"}],"about":[{"href":"https:\/\/www.campingaubonendroit.fr\/de\/wp-json\/wp\/v2\/types\/page"}],"author":[{"embeddable":true,"href":"https:\/\/www.campingaubonendroit.fr\/de\/wp-json\/wp\/v2\/users\/1"}],"replies":[{"embeddable":true,"href":"https:\/\/www.campingaubonendroit.fr\/de\/wp-json\/wp\/v2\/comments?post=2427"}],"version-history":[{"count":12,"href":"https:\/\/www.campingaubonendroit.fr\/de\/wp-json\/wp\/v2\/pages\/2427\/revisions"}],"predecessor-version":[{"id":3053,"href":"https:\/\/www.campingaubonendroit.fr\/de\/wp-json\/wp\/v2\/pages\/2427\/revisions\/3053"}],"wp:featuredmedia":[{"embeddable":true,"href":"https:\/\/www.campingaubonendroit.fr\/de\/wp-json\/wp\/v2\/media\/2105"}],"wp:attachment":[{"href":"https:\/\/www.campingaubonendroit.fr\/de\/wp-json\/wp\/v2\/media?parent=2427"}],"curies":[{"name":"wp","href":"https:\/\/api.w.org\/{rel}","templated":true}]}}