{"id":2473,"date":"2022-03-12T08:23:23","date_gmt":"2022-03-12T07:23:23","guid":{"rendered":"https:\/\/www.campingaubonendroit.fr\/startseite\/"},"modified":"2025-07-30T15:39:18","modified_gmt":"2025-07-30T13:39:18","slug":"startseite","status":"publish","type":"page","link":"https:\/\/www.campingaubonendroit.fr\/de\/","title":{"rendered":"Startseite"},"content":{"rendered":"<section id=\"section-61cd7cc6f0a9b\"\" class=\"section home-first bg-white\" \/><div class=\"container large\"><h1 class=\"element section-title center\">4-Sterne-Campingplatz <span>im Herzen von Burgund<\/span><\/h1><div class=\"element bloc-text center \">\n\t<p>Auf einem 3,5 Hektar gro\u00dfen Gel\u00e4nde h\u00e4lt unser Campingplatz einen ruhigen Aufenthalt im Herzen der Natur in Paray-le-Monial f\u00fcr Sie bereit! In der N\u00e4he der sch\u00f6nsten Sehensw\u00fcrdigkeiten Burgunds gelegen, werden Sie die Kultur, die Gastronomie, die Weinberge und die wundersch\u00f6nen Landschaften kennenlernen. <\/p>\n<p>Das gesamte Team des Campingplatzes Au Bon Endroit freut sich darauf, Sie begr\u00fc\u00dfen zu d\u00fcrfen!<\/p>\n<\/div><\/div><\/section>\n\n<section id=\"section-61cd7cc6f0b65\"\" data-bg-opacite=\"1\"data-background=\"https:\/\/www.campingaubonendroit.fr\/wp-content\/uploads\/2021\/12\/camping-bon-endroit-background-atouts.jpg\"data-speed=\"0.8\"class=\"section home-second bg-white section--has-bg-img section_bg-parallax\" \/><div class=\"container full\"><h2 class=\"element section-title center\">Die Vorteile<span>des Campens am richtigen Ort<\/span><\/h2><div class=\"element bloc-text\">\n\t<div class=\"atout bonendroit-atouts-bar_etat_1\">\r\n\t<p class=\"atout__text\">SNACKBAR<\/p><\/div>\r\n\r\n<div class=\"atout bonendroit-atouts-laverie_etat_1\">\r\n\t<p class=\"atout__text\">W\u00e4scherei<\/div>\r\n\r\n<div class=\"atout bonendroit-atouts-campingCar_etat_1\">\r\n\t<p class=\"atout__text\">Servicebereich<\/div>\r\n\r\n<div class=\"atout bonendroit-atouts-wifi_etat_1\">\r\n\t<p class=\"atout__text\">WIFI<\/p><\/div>\r\n\r\n<div class=\"atout bonendroit-atouts-episserie_etat_1\">\r\n\t<p class=\"atout__text\">Supermarkt<\/div>\r\n\r\n<div class=\"atout bonendroit-atouts-velo_etat_1\">\r\n    <p class=\"atout__text\">Fahrrad<\/br>st\u00e4nder<\/div>\r\n\r\n<div class=\"atout bonendroit-atouts-loisir_etat_1\">\r\n\t<p class=\"atout__text\">Freizeit<\/div>\r\n\r\n<div class=\"atout bonendroit-atouts-plus_etat_1\">\r\n\t<p class=\"atout__text\">mehr Dienstleistungen<\/p>\r\n<\/div><\/div><\/div><\/section>\n\n<section id=\"section-61cd7cc6f0c34\"\" class=\"section home-third bg-white section--has-bg-img\" \/><img decoding=\"async\" src=\"https:\/\/www.campingaubonendroit.fr\/wp-content\/uploads\/2021\/12\/camping-bon-endroit-header-img-100x56.jpg\" data-src=\"https:\/\/www.campingaubonendroit.fr\/wp-content\/uploads\/2021\/12\/camping-bon-endroit-header-img.jpg\" alt=\"camping bon endroit header img\" class=\"section_bg-img\" data-opacite=\"1\"\/><div class=\"container large\"><h2 class=\"element section-title center\">Ein Campingplatz<span>mit Schwimmbad in Burgund<\/span><\/h2><div class=\"element bloc-text justify \">\n\t<p>Genie\u00dfen Sie im Herzen von Burgund ein ungest\u00f6rtes Badevergn\u00fcgen. Unser Pool wird auf nat\u00fcrliche Weise durch die W\u00e4rme der Sonne erw\u00e4rmt und ist von unserer Sonnenterrasse mit Liegest\u00fchlen und Sonnenschirmen ges\u00e4umt. <\/p>\n<\/div><a href=\"\/de\/campingplatz-schwimmbad-paray-le-monial\/\" title=\"MEHR SEHEN\" class=\"element bouton center\" ><span>MEHR SEHEN<\/span><\/a><\/div><\/section>\n\n<section id=\"section-61cd7cc6f0dbd\"\" class=\"section home-fourth bg-white p-b-0\" \/><div class=\"container full\"><h2 class=\"element section-title center\">Vermietung von Mobilheimen &#038; <span>Stellpl\u00e4tzen in Burgund<\/span><\/h2><div class=\"colonnes-wrap valign-top \"><div class=\"element colonne \"><div class=\"element call-to-action  call-to-action--style-1 call-to-action--big\"><a href=\"\/de\/vermietung-mobilheim-paray-le-monial\/\"  class=\"call-to-action_link\" title=\"En savoir plus sur unsere mobilheime\"><div class=\"call-to-action_image\"><img decoding=\"async\" src=\"https:\/\/www.campingaubonendroit.fr\/wp-content\/uploads\/2022\/02\/61-100x75.jpg\" data-src=\"https:\/\/www.campingaubonendroit.fr\/wp-content\/uploads\/2022\/02\/61.jpg\" alt=\"\" class=\"big\" \/><\/div><div class=\"call-to-action_contenu\"><div class=\"call-to-action_titre\"><span>+<\/span>unsere Mobilheime<\/div><\/div><\/a><\/div><\/div><div class=\"element colonne \"><div class=\"element call-to-action  call-to-action--style-1 call-to-action--big\"><a href=\"\/de\/vermietung-wohnung-paray-le-monial\/\"  class=\"call-to-action_link\" title=\"En savoir plus sur unsere standorte\"><div class=\"call-to-action_image\"><img decoding=\"async\" src=\"https:\/\/www.campingaubonendroit.fr\/wp-content\/uploads\/2022\/02\/emplacement-tente-bourgogne-100x76.jpg\" data-src=\"https:\/\/www.campingaubonendroit.fr\/wp-content\/uploads\/2022\/02\/emplacement-tente-bourgogne.jpg\" alt=\"emplacement tente bourgogne\" class=\"big\" \/><\/div><div class=\"call-to-action_contenu\"><div class=\"call-to-action_titre\"><span>+<\/span>unsere Standorte<\/div><\/div><\/a><\/div><\/div><\/div><div class=\"colonnes-wrap valign-top \"><div class=\"element colonne w-100\"><div class=\"element bloc-text center \">\n\t<p><span class=\"color3\">Sind Sie auf der Suche nach einer Unterkunft in Paray-le-Monial, die Sie als Paar, mit der Familie oder mit Freunden beherbergen k\u00f6nnen?<\/span>.<\/p>\n<p><span style=\"color: #ffffff;\">Entdecken Sie unser Angebot an Lodge-Zelten, Sternencamps oder Mietmobilheimen, die mit einer Fl\u00e4che von 27 bis 36 m2 ideal f\u00fcr 2 bis 6 Personen geeignet sind. F\u00fcr Wohnmobilisten bieten wir ger\u00e4umige, baumbestandene Stellpl\u00e4tze auf unserem 3,5 ha gro\u00dfen Gel\u00e4nde zu g\u00fcnstigen Preisen.<\/span><\/p>\n<\/div><a href=\"\/de\/gunstiger-campingplatz-paray-le-monial\/\" title=\"Entdecken Sie unsere Preise\" class=\"element bouton center\" ><span>Entdecken Sie unsere Preise<\/span><\/a><\/div><\/div><\/div><\/section>\n\n<section id=\"section-61cd7cc6f0e76\"\" data-bg-opacite=\"1\"data-background=\"https:\/\/www.campingaubonendroit.fr\/wp-content\/uploads\/2022\/02\/camping-bon-endroit-background-alentours.jpg\"data-speed=\"0.8\"class=\"section home-fifth bg-white section--has-bg-img section_bg-parallax\" \/><div class=\"container full\"><h2 class=\"element section-title center\">gehen Sie auf Entdeckungsreise <span>durch Burgund<\/span><\/h2><div class=\"element bloc-text center \">\n\t<p>Die f\u00fcr ihre Weine und ihre Gastronomie bekannte Region ist ein sehr sch\u00f6nes Gebiet, das es zu entdecken gilt.<\/p>\n<p>Landschaften, Fl\u00fcsse, Wander- und Mountainbikewege und auch 8 UNESCO-Welterbest\u00e4tten, &#8230; Die Aktivit\u00e4ten und Besichtigungen, die man in Burgund und in der N\u00e4he des Campingplatzes unternehmen kann, sind zahlreich.<\/p>\n<\/div><div class=\"colonnes-wrap valign-top \"><div class=\"element colonne \"><div class=\"element call-to-action  call-to-action--style-1 call-to-action--big\"><a href=\"\/de\/aktivitaten-burgund\/\"  class=\"call-to-action_link\" title=\"En savoir plus sur top 5 dinge, die man in burgund tun kann\"><div class=\"call-to-action_image\"><img decoding=\"async\" src=\"https:\/\/www.campingaubonendroit.fr\/wp-content\/uploads\/2022\/02\/camping-bon-endroit-cta-a-faire-100x76.jpg\" data-src=\"https:\/\/www.campingaubonendroit.fr\/wp-content\/uploads\/2022\/02\/camping-bon-endroit-cta-a-faire.jpg\" alt=\"a voir a faire en bourgogne\" class=\"big\" \/><\/div><div class=\"call-to-action_contenu\"><div class=\"call-to-action_titre\"><span>+<\/span>top 5 dinge, die man in burgund tun kann<\/div><\/div><\/a><\/div><\/div><div class=\"element colonne \"><div class=\"element call-to-action  call-to-action--style-1 call-to-action--big\"><a href=\"\/de\/aktivitaten-burgund\/\"  class=\"call-to-action_link\" title=\"En savoir plus sur top 5 der sehenswertesten dinge in burgund\"><div class=\"call-to-action_image\"><img decoding=\"async\" src=\"https:\/\/www.campingaubonendroit.fr\/wp-content\/uploads\/2022\/02\/camping-bon-endroit-cta-a-voir-100x76.jpg\" data-src=\"https:\/\/www.campingaubonendroit.fr\/wp-content\/uploads\/2022\/02\/camping-bon-endroit-cta-a-voir.jpg\" alt=\"visiter bourgogne\" class=\"big\" \/><\/div><div class=\"call-to-action_contenu\"><div class=\"call-to-action_titre\"><span>+<\/span>top 5 der sehenswertesten dinge in burgund<\/div><\/div><\/a><\/div><\/div><\/div><\/div><\/section>\n\n<section id=\"section-620bbee490166\"\" class=\"section avis bg-white section--has-bg-img\" \/><img decoding=\"async\" src=\"https:\/\/www.campingaubonendroit.fr\/wp-content\/uploads\/2022\/02\/avis-camping-1-100x39.jpg\" data-src=\"https:\/\/www.campingaubonendroit.fr\/wp-content\/uploads\/2022\/02\/avis-camping-1.jpg\" alt=\"avis camping bourgogne\" class=\"section_bg-img\" data-opacite=\"1\"\/><div class=\"container extralarge\"><h2 class=\"element section-title center\">Ihre Meinung zu <span>Camping am richtigen Ort<\/span><\/h2><div class=\"element bloc-text\">\n\tArray<div class=\"avis_container\"><div class=\"avis\"><div class=\"first_row\"><div class=\"avis_nom\">Catherine D.<\/div><div class=\"avis_note\"><img decoding=\"async\" src=\"\/wp-content\/uploads\/2022\/02\/avis-camping-1.png\" alt=\"avis camping bourgogne\" \/><\/div><\/div><div class=\"avis_contenu\">Sehr guter Empfang vor Ort, bereits am Telefon vor der Ankunft am Ort, was Vertrauen schafft.\r\nDie Natur ist wundersch\u00f6n und gro\u00dfz\u00fcgig. Die vielen B\u00e4ume sorgen daf\u00fcr, dass die Bungalows im Schatten liegen. Alle sind gut ausgerichtet und in gutem Zustand mit einem sonnigen und einem schattigeren Teil. Die Terrassen sind sehr angenehm....sowie der Pool, den wir sehr genossen haben!\r\nDie Organisation und Verteilung der verschiedenen Bereiche auf dem Grundst\u00fcck (Spiele, Tische, gesch\u00fctzte B\u00e4nke usw.) lassen den Urlaubern Freiheit und die M\u00f6glichkeit, sich voneinander fernzuhalten.\r\nIch empfehle und w\u00fcnsche diesem charmanten Campingplatz eine gute Entwicklung!\r\n<\/div><\/div><div class=\"avis\"><div class=\"first_row\"><div class=\"avis_nom\">Pauline I.<\/div><div class=\"avis_note\"><img decoding=\"async\" src=\"\/wp-content\/uploads\/2022\/02\/avis-camping-1.png\" alt=\"avis camping bourgogne\" \/><\/div><\/div><div class=\"avis_contenu\">Ein herzlicher Empfang, komfortable Einrichtungen und all das mit einem L\u00e4cheln und guter Laune.\r\nTrotz des tr\u00fcben Wetters haben wir den Kurzurlaub in Paray le monial dank Ihnen genossen.\r\nMachen Sie weiter, bleiben Sie naturverbunden, wir werden wiederkommen und in unserer Umgebung von Ihnen erz\u00e4hlen.<\/div><\/div><div class=\"avis\"><div class=\"first_row\"><div class=\"avis_nom\">Catherine et Christian<\/div><div class=\"avis_note\"><img decoding=\"async\" src=\"\/wp-content\/uploads\/2022\/02\/avis-camping-1.png\" alt=\"avis camping bourgogne\" \/><\/div><\/div><div class=\"avis_contenu\">Super Campingplatz, herzlicher Empfang bei unserer Ankunft, ein Team, das seinen Campern zuh\u00f6rt... Wir haben den Bon Endroit auf unserer Radroute f\u00fcr unseren Zwischenstopp von drei N\u00e4chten gew\u00e4hlt. Der f\u00fcr Reiseradler reservierte Bereich ist mit gesch\u00fctzten Tischen mit USB-Anschl\u00fcssen, K\u00fchlschrank und Mikrowellenherd in der N\u00e4he des Sanit\u00e4rblocks ausgestattet... Kurz gesagt, alle Annehmlichkeiten, die ein Backpacker braucht...\r\nViel Gl\u00fcck und Erfolg f\u00fcr die neuen Besitzer,\r\n<\/div><\/div><\/div><\/div><a href=\"https:\/\/www.google.com\/search?q=camping+au+bon+endroit&#038;rlz=1C1CHBF_frFR948FR948&#038;sxsrf=APq-WBsfJTsAHXzCANy7mImKE-r3jXXnqg%3A1645175852733&#038;ei=LGQPYtuxLJfb5OUPmuyO6Aw&#038;ved=0ahUKEwjb963S9Yj2AhWXLbkGHRq2A80Q4dUDCA4&#038;uact=5&#038;oq=camping+au+bon+endroit&#038;gs_lcp=Cgdnd3Mtd2l6EAMyCwguEIAEEMcBEK8BOgQIIxAnOg4ILhCABBCxAxDHARDRAzoECAAQQzoLCC4QgAQQxwEQowI6EAguELEDEIMBEMcBEKMCEEM6CwgAEIAEELEDEIMBOhAILhCxAxCDARDHARDRAxBDOg0ILhCxAxDHARDRAxBDOg0ILhCxAxDHARCjAhBDOgUIABCABDoKCAAQsQMQgwEQQzoOCC4QgAQQsQMQxwEQowI6EAguEIAEEIcCELEDEIMBEBQ6EAgAEIAEEIcCELEDEIMBEBQ6CwguEIAEELEDEIMBOggIABCABBCxAzoRCC4QgAQQsQMQgwEQxwEQowI6CAgAELEDEIMBOgsIABCABBCxAxDJAzoFCAAQkgM6BggAEBYQHkoECEEYAEoECEYYAFAAWMMmYOgnaAFwAXgAgAF9iAHLD5IBBDE5LjSYAQCgAQHAAQE&#038;sclient=gws-wiz#lrd=0x47f3dd2e4bca2115:0xc43cfbd654acfcff,1,,,\" title=\"Ihre Meinung hinterlassen\" target=\" target=\"_blank\" rel=\"noopener\" \" class=\"element bouton center\" ><span>Ihre Meinung hinterlassen<\/span><\/a><\/div><\/section>","protected":false},"excerpt":{"rendered":"","protected":false},"author":1,"featured_media":0,"parent":0,"menu_order":0,"comment_status":"closed","ping_status":"closed","template":"","meta":{"_acf_changed":false,"footnotes":""},"class_list":["post-2473","page","type-page","status-publish","hentry"],"acf":[],"yoast_head":"<!-- This site is optimized with the Yoast SEO plugin v25.3 - https:\/\/yoast.com\/wordpress\/plugins\/seo\/ -->\n<title>Camping Au Bon Endroit | Campingplatz in Paray-le-Monial in Burgund (71)<\/title>\n<meta name=\"robots\" content=\"index, follow, max-snippet:-1, max-image-preview:large, max-video-preview:-1\" \/>\n<link rel=\"canonical\" href=\"https:\/\/www.campingaubonendroit.fr\/de\/\" \/>\n<meta property=\"og:locale\" content=\"de_DE\" \/>\n<meta property=\"og:type\" content=\"article\" \/>\n<meta property=\"og:title\" content=\"Camping Au Bon Endroit | Campingplatz in Paray-le-Monial in Burgund (71)\" \/>\n<meta property=\"og:url\" content=\"https:\/\/www.campingaubonendroit.fr\/de\/\" \/>\n<meta property=\"og:site_name\" content=\"Camping Bon Endroit\" \/>\n<meta property=\"article:modified_time\" content=\"2025-07-30T13:39:18+00:00\" \/>\n<meta name=\"twitter:card\" content=\"summary_large_image\" \/>\n<script type=\"application\/ld+json\" class=\"yoast-schema-graph\">{\"@context\":\"https:\/\/schema.org\",\"@graph\":[{\"@type\":\"WebPage\",\"@id\":\"https:\/\/www.campingaubonendroit.fr\/de\/\",\"url\":\"https:\/\/www.campingaubonendroit.fr\/de\/\",\"name\":\"Camping Au Bon Endroit | Campingplatz in Paray-le-Monial in Burgund (71)\",\"isPartOf\":{\"@id\":\"https:\/\/www.campingaubonendroit.fr\/de\/#website\"},\"datePublished\":\"2022-03-12T07:23:23+00:00\",\"dateModified\":\"2025-07-30T13:39:18+00:00\",\"breadcrumb\":{\"@id\":\"https:\/\/www.campingaubonendroit.fr\/de\/#breadcrumb\"},\"inLanguage\":\"de\",\"potentialAction\":[{\"@type\":\"ReadAction\",\"target\":[\"https:\/\/www.campingaubonendroit.fr\/de\/\"]}]},{\"@type\":\"BreadcrumbList\",\"@id\":\"https:\/\/www.campingaubonendroit.fr\/de\/#breadcrumb\",\"itemListElement\":[{\"@type\":\"ListItem\",\"position\":1,\"name\":\"Campingplatz Bourgogne\",\"item\":\"https:\/\/www.campingaubonendroit.fr\/de\/\"},{\"@type\":\"ListItem\",\"position\":2,\"name\":\"Startseite\"}]},{\"@type\":\"WebSite\",\"@id\":\"https:\/\/www.campingaubonendroit.fr\/de\/#website\",\"url\":\"https:\/\/www.campingaubonendroit.fr\/de\/\",\"name\":\"Camping Bon Endroit\",\"description\":\"\",\"publisher\":{\"@id\":\"https:\/\/www.campingaubonendroit.fr\/de\/#organization\"},\"potentialAction\":[{\"@type\":\"SearchAction\",\"target\":{\"@type\":\"EntryPoint\",\"urlTemplate\":\"https:\/\/www.campingaubonendroit.fr\/de\/?s={search_term_string}\"},\"query-input\":{\"@type\":\"PropertyValueSpecification\",\"valueRequired\":true,\"valueName\":\"search_term_string\"}}],\"inLanguage\":\"de\"},{\"@type\":\"Organization\",\"@id\":\"https:\/\/www.campingaubonendroit.fr\/de\/#organization\",\"name\":\"Camping Au Bon Endroit\",\"url\":\"https:\/\/www.campingaubonendroit.fr\/de\/\",\"logo\":{\"@type\":\"ImageObject\",\"inLanguage\":\"de\",\"@id\":\"https:\/\/www.campingaubonendroit.fr\/de\/#\/schema\/logo\/image\/\",\"url\":\"https:\/\/www.campingaubonendroit.fr\/wp-content\/uploads\/2021\/12\/camping-bon-endroit-logo.png\",\"contentUrl\":\"https:\/\/www.campingaubonendroit.fr\/wp-content\/uploads\/2021\/12\/camping-bon-endroit-logo.png\",\"width\":274,\"height\":222,\"caption\":\"Camping Au Bon Endroit\"},\"image\":{\"@id\":\"https:\/\/www.campingaubonendroit.fr\/de\/#\/schema\/logo\/image\/\"}}]}<\/script>\n<!-- \/ Yoast SEO plugin. -->","yoast_head_json":{"title":"Camping Au Bon Endroit | Campingplatz in Paray-le-Monial in Burgund (71)","robots":{"index":"index","follow":"follow","max-snippet":"max-snippet:-1","max-image-preview":"max-image-preview:large","max-video-preview":"max-video-preview:-1"},"canonical":"https:\/\/www.campingaubonendroit.fr\/de\/","og_locale":"de_DE","og_type":"article","og_title":"Camping Au Bon Endroit | Campingplatz in Paray-le-Monial in Burgund (71)","og_url":"https:\/\/www.campingaubonendroit.fr\/de\/","og_site_name":"Camping Bon Endroit","article_modified_time":"2025-07-30T13:39:18+00:00","twitter_card":"summary_large_image","schema":{"@context":"https:\/\/schema.org","@graph":[{"@type":"WebPage","@id":"https:\/\/www.campingaubonendroit.fr\/de\/","url":"https:\/\/www.campingaubonendroit.fr\/de\/","name":"Camping Au Bon Endroit | Campingplatz in Paray-le-Monial in Burgund (71)","isPartOf":{"@id":"https:\/\/www.campingaubonendroit.fr\/de\/#website"},"datePublished":"2022-03-12T07:23:23+00:00","dateModified":"2025-07-30T13:39:18+00:00","breadcrumb":{"@id":"https:\/\/www.campingaubonendroit.fr\/de\/#breadcrumb"},"inLanguage":"de","potentialAction":[{"@type":"ReadAction","target":["https:\/\/www.campingaubonendroit.fr\/de\/"]}]},{"@type":"BreadcrumbList","@id":"https:\/\/www.campingaubonendroit.fr\/de\/#breadcrumb","itemListElement":[{"@type":"ListItem","position":1,"name":"Campingplatz Bourgogne","item":"https:\/\/www.campingaubonendroit.fr\/de\/"},{"@type":"ListItem","position":2,"name":"Startseite"}]},{"@type":"WebSite","@id":"https:\/\/www.campingaubonendroit.fr\/de\/#website","url":"https:\/\/www.campingaubonendroit.fr\/de\/","name":"Camping Bon Endroit","description":"","publisher":{"@id":"https:\/\/www.campingaubonendroit.fr\/de\/#organization"},"potentialAction":[{"@type":"SearchAction","target":{"@type":"EntryPoint","urlTemplate":"https:\/\/www.campingaubonendroit.fr\/de\/?s={search_term_string}"},"query-input":{"@type":"PropertyValueSpecification","valueRequired":true,"valueName":"search_term_string"}}],"inLanguage":"de"},{"@type":"Organization","@id":"https:\/\/www.campingaubonendroit.fr\/de\/#organization","name":"Camping Au Bon Endroit","url":"https:\/\/www.campingaubonendroit.fr\/de\/","logo":{"@type":"ImageObject","inLanguage":"de","@id":"https:\/\/www.campingaubonendroit.fr\/de\/#\/schema\/logo\/image\/","url":"https:\/\/www.campingaubonendroit.fr\/wp-content\/uploads\/2021\/12\/camping-bon-endroit-logo.png","contentUrl":"https:\/\/www.campingaubonendroit.fr\/wp-content\/uploads\/2021\/12\/camping-bon-endroit-logo.png","width":274,"height":222,"caption":"Camping Au Bon Endroit"},"image":{"@id":"https:\/\/www.campingaubonendroit.fr\/de\/#\/schema\/logo\/image\/"}}]}},"_links":{"self":[{"href":"https:\/\/www.campingaubonendroit.fr\/de\/wp-json\/wp\/v2\/pages\/2473"}],"collection":[{"href":"https:\/\/www.campingaubonendroit.fr\/de\/wp-json\/wp\/v2\/pages"}],"about":[{"href":"https:\/\/www.campingaubonendroit.fr\/de\/wp-json\/wp\/v2\/types\/page"}],"author":[{"embeddable":true,"href":"https:\/\/www.campingaubonendroit.fr\/de\/wp-json\/wp\/v2\/users\/1"}],"replies":[{"embeddable":true,"href":"https:\/\/www.campingaubonendroit.fr\/de\/wp-json\/wp\/v2\/comments?post=2473"}],"version-history":[{"count":33,"href":"https:\/\/www.campingaubonendroit.fr\/de\/wp-json\/wp\/v2\/pages\/2473\/revisions"}],"predecessor-version":[{"id":3037,"href":"https:\/\/www.campingaubonendroit.fr\/de\/wp-json\/wp\/v2\/pages\/2473\/revisions\/3037"}],"wp:attachment":[{"href":"https:\/\/www.campingaubonendroit.fr\/de\/wp-json\/wp\/v2\/media?parent=2473"}],"curies":[{"name":"wp","href":"https:\/\/api.w.org\/{rel}","templated":true}]}}