{"id":2560,"date":"2021-12-30T09:45:20","date_gmt":"2021-12-30T08:45:20","guid":{"rendered":"https:\/\/www.campingaubonendroit.fr\/camping-piscine-paray-le-monial\/"},"modified":"2025-07-30T15:55:00","modified_gmt":"2025-07-30T13:55:00","slug":"campingplatz-schwimmbad-paray-le-monial","status":"publish","type":"page","link":"https:\/\/www.campingaubonendroit.fr\/de\/campingplatz-schwimmbad-paray-le-monial\/","title":{"rendered":"Schwimmbad"},"content":{"rendered":"<section id=\"section-61d2dc3bb1009\"\" class=\"section bg-white\" \/><div class=\"container\"><h1 class=\"element section-title center\">Campingplatz mit Schwimmbad <span>in Burgund in Paray le Monial<\/span>.<\/h1><\/div><\/section>\n\n<section id=\"section-61d2dc3bb113c\"\" class=\"section bg-color5\" \/><div class=\"container extralarge\"><div class=\"colonnes-wrap valign-middle \"><div class=\"element colonne \"><div class=\"element images\"><div class=\"image\"><img decoding=\"async\" src=\"https:\/\/www.campingaubonendroit.fr\/wp-content\/uploads\/2022\/12\/IMG_2685-100x75.jpg\" data-src=\"https:\/\/www.campingaubonendroit.fr\/wp-content\/uploads\/2022\/12\/IMG_2685-scaled.jpg\" alt=\"piscine-camping-bon-endroit\" class=\"images_image\" \/><\/div><\/div><\/div><div class=\"element colonne \"><h2 class=\"element section-title center\">Das Schwimmbad in Paray le Monial<\/h2><div class=\"element bloc-text justify \">\n\t<p>Unser <strong class=\"bold color1\">Campingplatz mit Schwimmbad in Burgund<\/strong>, in Paray-le-Monial, empf\u00e4ngt Sie f\u00fcr Ihre Entspannungsmomente. Ob allein, zu zweit oder mit der Familie, unser Campingplatz verf\u00fcgt \u00fcber einen Wasserbereich, der der Welt des Badens gewidmet ist und der mit einer neuen Sonnenterrasse komplett renoviert wurde. Es besteht aus einem nat\u00fcrlich beheizten Au\u00dfenpool, in dem alles f\u00fcr Ihren Komfort gedacht ist. Liegest\u00fchle am Beckenrand, Sonnenliegen, Sonnenschirme &#8211; unser Campingplatz setzt auf \u00f6kologische Verantwortung und einfache Freuden.<\/p>\n<p>Junge Eltern, Rentner, wenn Sie Ruhe und Einfachheit lieben, ist unser Campingplatz mit Schwimmbad genau das Richtige f\u00fcr Sie. Unser Campingplatz mit Pool liegt in einer au\u00dfergew\u00f6hnlichen, baumbestandenen Umgebung im Departement Sa\u00f4ne-et-Loire und \u00f6ffnet Ihnen seine T\u00fcren, um Sie zum Tr\u00e4umen und Entspannen einzuladen.<\/p>\n<\/div><\/div><\/div><\/div><\/section>\n\n<section id=\"section-61d2dc3bb1254\"\" class=\"section home-third bg-white section--has-bg-img\" \/><img decoding=\"async\" src=\"https:\/\/www.campingaubonendroit.fr\/wp-content\/uploads\/2022\/01\/banner-piscine-100x56.jpg\" data-src=\"https:\/\/www.campingaubonendroit.fr\/wp-content\/uploads\/2022\/01\/banner-piscine.jpg\" alt=\"banner-piscine\" class=\"section_bg-img\" data-opacite=\"1\"\/><div class=\"container large\"><h2 class=\"element section-title center\">Der Solariumbereich mit Sonnenliegen<\/h2><div class=\"element bloc-text center \">\n\t<p>Unser Schwimmbad ist ideal, um neue <strong class=\"bold color1\">Energie zu tanken<\/strong>. Es besteht aus einem gro\u00dfen Becken, in dem du schon am Morgen oder den ganzen Tag \u00fcber deine Bahnen ziehen kannst. F\u00fcr die Kleinen gibt es ein Planschbecken. Hier k\u00f6nnen sie an Ihrer Seite die Freuden des Wassers entdecken und erlernen.<\/p>\n<p>Unser Wasserbereich ist der Entspannung und der Ruhe vorbehalten. Unser Campingplatz mit Pool bietet keine Wasserspiele oder Wassergymnastikkurse an. Wir m\u00f6chten unseren<strong class=\"bold color1\"> Au\u00dfenpool und seine Sonnenterrasse<\/strong> f\u00fcr Momente der Ruhe und Erholung widmen. Unser Wasserbereich verf\u00fcgt \u00fcber einen Zugang f\u00fcr Behinderte und hat Liegest\u00fchle am Rand des Schwimmbeckens.<\/p>\n<\/div><\/div><\/section>\n\n<section id=\"section-61d2dc3bb1361\"\" class=\"section bg-color1\" \/><div class=\"container extralarge\"><div class=\"colonnes-wrap valign-middle \"><div class=\"element colonne \"><h2 class=\"element section-title center\">Familienpool mit Planschbecken in Burgund<\/h2><div class=\"element bloc-text justify \">\n\t<p>F\u00fcr Ihre kleinen Kinder gibt es nichts Besseres, als die Freuden des Wassers zu erlernen, indem sie sich im Planschbecken des Schwimmbads ausprobieren. Unser sicheres Familienschwimmbad mit Planschbecken in Burgund ist ideal f\u00fcr Ihre Familienmomente. Das Planschbecken mit den Wasserspielen f\u00fcr die Kleinen wurde speziell daf\u00fcr entworfen, dass sich Ihre Kinder wohl und selbstbewusst f\u00fchlen. Unser Planschbecken ist von Liegest\u00fchlen ges\u00e4umt, damit Sie in aller Sicherheit beaufsichtigt werden k\u00f6nnen.<\/p>\n<p>Eltern, Gro\u00dfeltern mit Enkelkindern, unser Wasserbereich wird Sie mit seiner nat\u00fcrlichen Umgebung und seiner Ruhe begeistern. Der Pool ist nat\u00fcrlich beheizt. Die Kinder baden in einem Wasser mitten im Charolais-Gebiet in Burgund. Eine famili\u00e4re und nat\u00fcrliche Atmosph\u00e4re ist garantiert. Zus\u00e4tzliche Informationen: Die Schwimmb\u00e4der sind nicht beaufsichtigt. Sie tragen die volle Verantwortung f\u00fcr die Kinder.<\/p>\n<p>Aus \u00f6kologischen und hygienischen Gr\u00fcnden sind Badeshorts nicht erlaubt. Badeanz\u00fcge sind an der Rezeption erh\u00e4ltlich.<\/p>\n<\/div><\/div><div class=\"element colonne \"><div class=\"element images\"><div class=\"image\"><img decoding=\"async\" src=\"https:\/\/www.campingaubonendroit.fr\/wp-content\/uploads\/2022\/01\/piscine-camping-bon-endroit-100x73.jpg\" data-src=\"https:\/\/www.campingaubonendroit.fr\/wp-content\/uploads\/2022\/01\/piscine-camping-bon-endroit.jpg\" alt=\"piscine-camping-bon-endroit\" class=\"images_image\" \/><\/div><\/div><\/div><\/div><\/div><\/section>\n\n<section id=\"section-61d2dc3bb1474\"\" class=\"section bg-white\" \/><div class=\"container extralarge\"><div class=\"element section-title center\">Unsere Unterk\u00fcnfte und Preise in Paray le Monial<\/div><ul class=\"liste-de-page\"><li class=\"element call-to-action carre call-to-action--style-1 call-to-action--big\"><a href=\"https:\/\/www.campingaubonendroit.fr\/de\/gunstiger-campingplatz-paray-le-monial\/\"  class=\"call-to-action_link\" title=\"En savoir plus sur tarife und angebote\"><div class=\"call-to-action_image\"><img decoding=\"async\" src=\"https:\/\/www.campingaubonendroit.fr\/wp-content\/uploads\/2022\/01\/tente-camping-bon-endroit-100x37.jpg\" data-src=\"https:\/\/www.campingaubonendroit.fr\/wp-content\/uploads\/2022\/01\/tente-camping-bon-endroit.jpg\" alt=\"emplacement tente bourgogne\" class=\"big\" \/><\/div><div class=\"call-to-action_contenu\"><div class=\"call-to-action_titre\"><span>+<\/span>Tarife und Angebote<\/div><\/div><\/a><\/li><li class=\"element call-to-action carre call-to-action--style-1 call-to-action--big call-to-action--style-1 call-to-action--big\"><a href=\"https:\/\/www.campingaubonendroit.fr\/de\/vermietung-wohnung-paray-le-monial\/\"  class=\"call-to-action_link\" title=\"En savoir plus sur standorte\"><div class=\"call-to-action_image\"><img decoding=\"async\" src=\"https:\/\/www.campingaubonendroit.fr\/wp-content\/uploads\/2022\/02\/emplacement-caravaning-bourgogne-1-100x29.jpg\" data-src=\"https:\/\/www.campingaubonendroit.fr\/wp-content\/uploads\/2022\/02\/emplacement-caravaning-bourgogne-1.jpg\" alt=\"emplacement caravaning bourgogne\" class=\"big\" \/><\/div><div class=\"call-to-action_contenu\"><div class=\"call-to-action_titre\"><span>+<\/span>Standorte<\/div><\/div><\/a><\/li><\/ul><\/div><\/section>","protected":false},"excerpt":{"rendered":"","protected":false},"author":1,"featured_media":1749,"parent":0,"menu_order":0,"comment_status":"closed","ping_status":"closed","template":"","meta":{"_acf_changed":false,"footnotes":""},"class_list":["post-2560","page","type-page","status-publish","has-post-thumbnail","hentry"],"acf":[],"yoast_head":"<!-- This site is optimized with the Yoast SEO plugin v25.3 - https:\/\/yoast.com\/wordpress\/plugins\/seo\/ -->\n<title>Camping Schwimmbad Burgund | Wasserpark Paray-le-Monial<\/title>\n<meta name=\"robots\" content=\"index, follow, max-snippet:-1, max-image-preview:large, max-video-preview:-1\" \/>\n<link rel=\"canonical\" href=\"https:\/\/www.campingaubonendroit.fr\/de\/campingplatz-schwimmbad-paray-le-monial\/\" \/>\n<meta property=\"og:locale\" content=\"de_DE\" \/>\n<meta property=\"og:type\" content=\"article\" \/>\n<meta property=\"og:title\" content=\"Camping Schwimmbad Burgund | Wasserpark Paray-le-Monial\" \/>\n<meta property=\"og:url\" content=\"https:\/\/www.campingaubonendroit.fr\/de\/campingplatz-schwimmbad-paray-le-monial\/\" \/>\n<meta property=\"og:site_name\" content=\"Camping Bon Endroit\" \/>\n<meta property=\"article:modified_time\" content=\"2025-07-30T13:55:00+00:00\" \/>\n<meta property=\"og:image\" content=\"https:\/\/www.campingaubonendroit.fr\/wp-content\/uploads\/2022\/01\/banner-camping-piscine.jpg\" \/>\n\t<meta property=\"og:image:width\" content=\"1920\" \/>\n\t<meta property=\"og:image:height\" content=\"500\" \/>\n\t<meta property=\"og:image:type\" content=\"image\/jpeg\" \/>\n<meta name=\"twitter:card\" content=\"summary_large_image\" \/>\n<meta name=\"twitter:label1\" content=\"Gesch\u00e4tzte Lesezeit\" \/>\n\t<meta name=\"twitter:data1\" content=\"1\u00a0Minute\" \/>\n<script type=\"application\/ld+json\" class=\"yoast-schema-graph\">{\"@context\":\"https:\/\/schema.org\",\"@graph\":[{\"@type\":\"WebPage\",\"@id\":\"https:\/\/www.campingaubonendroit.fr\/de\/campingplatz-schwimmbad-paray-le-monial\/\",\"url\":\"https:\/\/www.campingaubonendroit.fr\/de\/campingplatz-schwimmbad-paray-le-monial\/\",\"name\":\"Camping Schwimmbad Burgund | Wasserpark Paray-le-Monial\",\"isPartOf\":{\"@id\":\"https:\/\/www.campingaubonendroit.fr\/de\/#website\"},\"primaryImageOfPage\":{\"@id\":\"https:\/\/www.campingaubonendroit.fr\/de\/campingplatz-schwimmbad-paray-le-monial\/#primaryimage\"},\"image\":{\"@id\":\"https:\/\/www.campingaubonendroit.fr\/de\/campingplatz-schwimmbad-paray-le-monial\/#primaryimage\"},\"thumbnailUrl\":\"https:\/\/www.campingaubonendroit.fr\/wp-content\/uploads\/2022\/01\/banner-camping-piscine.jpg\",\"datePublished\":\"2021-12-30T08:45:20+00:00\",\"dateModified\":\"2025-07-30T13:55:00+00:00\",\"breadcrumb\":{\"@id\":\"https:\/\/www.campingaubonendroit.fr\/de\/campingplatz-schwimmbad-paray-le-monial\/#breadcrumb\"},\"inLanguage\":\"de\",\"potentialAction\":[{\"@type\":\"ReadAction\",\"target\":[\"https:\/\/www.campingaubonendroit.fr\/de\/campingplatz-schwimmbad-paray-le-monial\/\"]}]},{\"@type\":\"ImageObject\",\"inLanguage\":\"de\",\"@id\":\"https:\/\/www.campingaubonendroit.fr\/de\/campingplatz-schwimmbad-paray-le-monial\/#primaryimage\",\"url\":\"https:\/\/www.campingaubonendroit.fr\/wp-content\/uploads\/2022\/01\/banner-camping-piscine.jpg\",\"contentUrl\":\"https:\/\/www.campingaubonendroit.fr\/wp-content\/uploads\/2022\/01\/banner-camping-piscine.jpg\",\"width\":1920,\"height\":500,\"caption\":\"camping piscine bourgogne\"},{\"@type\":\"BreadcrumbList\",\"@id\":\"https:\/\/www.campingaubonendroit.fr\/de\/campingplatz-schwimmbad-paray-le-monial\/#breadcrumb\",\"itemListElement\":[{\"@type\":\"ListItem\",\"position\":1,\"name\":\"Campingplatz Bourgogne\",\"item\":\"https:\/\/www.campingaubonendroit.fr\/de\/\"},{\"@type\":\"ListItem\",\"position\":2,\"name\":\"Wasserpark in Paray-le-Monial\"}]},{\"@type\":\"WebSite\",\"@id\":\"https:\/\/www.campingaubonendroit.fr\/de\/#website\",\"url\":\"https:\/\/www.campingaubonendroit.fr\/de\/\",\"name\":\"Camping Bon Endroit\",\"description\":\"\",\"publisher\":{\"@id\":\"https:\/\/www.campingaubonendroit.fr\/de\/#organization\"},\"potentialAction\":[{\"@type\":\"SearchAction\",\"target\":{\"@type\":\"EntryPoint\",\"urlTemplate\":\"https:\/\/www.campingaubonendroit.fr\/de\/?s={search_term_string}\"},\"query-input\":{\"@type\":\"PropertyValueSpecification\",\"valueRequired\":true,\"valueName\":\"search_term_string\"}}],\"inLanguage\":\"de\"},{\"@type\":\"Organization\",\"@id\":\"https:\/\/www.campingaubonendroit.fr\/de\/#organization\",\"name\":\"Camping Au Bon Endroit\",\"url\":\"https:\/\/www.campingaubonendroit.fr\/de\/\",\"logo\":{\"@type\":\"ImageObject\",\"inLanguage\":\"de\",\"@id\":\"https:\/\/www.campingaubonendroit.fr\/de\/#\/schema\/logo\/image\/\",\"url\":\"https:\/\/www.campingaubonendroit.fr\/wp-content\/uploads\/2021\/12\/camping-bon-endroit-logo.png\",\"contentUrl\":\"https:\/\/www.campingaubonendroit.fr\/wp-content\/uploads\/2021\/12\/camping-bon-endroit-logo.png\",\"width\":274,\"height\":222,\"caption\":\"Camping Au Bon Endroit\"},\"image\":{\"@id\":\"https:\/\/www.campingaubonendroit.fr\/de\/#\/schema\/logo\/image\/\"}}]}<\/script>\n<!-- \/ Yoast SEO plugin. -->","yoast_head_json":{"title":"Camping Schwimmbad Burgund | Wasserpark Paray-le-Monial","robots":{"index":"index","follow":"follow","max-snippet":"max-snippet:-1","max-image-preview":"max-image-preview:large","max-video-preview":"max-video-preview:-1"},"canonical":"https:\/\/www.campingaubonendroit.fr\/de\/campingplatz-schwimmbad-paray-le-monial\/","og_locale":"de_DE","og_type":"article","og_title":"Camping Schwimmbad Burgund | Wasserpark Paray-le-Monial","og_url":"https:\/\/www.campingaubonendroit.fr\/de\/campingplatz-schwimmbad-paray-le-monial\/","og_site_name":"Camping Bon Endroit","article_modified_time":"2025-07-30T13:55:00+00:00","og_image":[{"width":1920,"height":500,"url":"https:\/\/www.campingaubonendroit.fr\/wp-content\/uploads\/2022\/01\/banner-camping-piscine.jpg","type":"image\/jpeg"}],"twitter_card":"summary_large_image","twitter_misc":{"Gesch\u00e4tzte Lesezeit":"1\u00a0Minute"},"schema":{"@context":"https:\/\/schema.org","@graph":[{"@type":"WebPage","@id":"https:\/\/www.campingaubonendroit.fr\/de\/campingplatz-schwimmbad-paray-le-monial\/","url":"https:\/\/www.campingaubonendroit.fr\/de\/campingplatz-schwimmbad-paray-le-monial\/","name":"Camping Schwimmbad Burgund | Wasserpark Paray-le-Monial","isPartOf":{"@id":"https:\/\/www.campingaubonendroit.fr\/de\/#website"},"primaryImageOfPage":{"@id":"https:\/\/www.campingaubonendroit.fr\/de\/campingplatz-schwimmbad-paray-le-monial\/#primaryimage"},"image":{"@id":"https:\/\/www.campingaubonendroit.fr\/de\/campingplatz-schwimmbad-paray-le-monial\/#primaryimage"},"thumbnailUrl":"https:\/\/www.campingaubonendroit.fr\/wp-content\/uploads\/2022\/01\/banner-camping-piscine.jpg","datePublished":"2021-12-30T08:45:20+00:00","dateModified":"2025-07-30T13:55:00+00:00","breadcrumb":{"@id":"https:\/\/www.campingaubonendroit.fr\/de\/campingplatz-schwimmbad-paray-le-monial\/#breadcrumb"},"inLanguage":"de","potentialAction":[{"@type":"ReadAction","target":["https:\/\/www.campingaubonendroit.fr\/de\/campingplatz-schwimmbad-paray-le-monial\/"]}]},{"@type":"ImageObject","inLanguage":"de","@id":"https:\/\/www.campingaubonendroit.fr\/de\/campingplatz-schwimmbad-paray-le-monial\/#primaryimage","url":"https:\/\/www.campingaubonendroit.fr\/wp-content\/uploads\/2022\/01\/banner-camping-piscine.jpg","contentUrl":"https:\/\/www.campingaubonendroit.fr\/wp-content\/uploads\/2022\/01\/banner-camping-piscine.jpg","width":1920,"height":500,"caption":"camping piscine bourgogne"},{"@type":"BreadcrumbList","@id":"https:\/\/www.campingaubonendroit.fr\/de\/campingplatz-schwimmbad-paray-le-monial\/#breadcrumb","itemListElement":[{"@type":"ListItem","position":1,"name":"Campingplatz Bourgogne","item":"https:\/\/www.campingaubonendroit.fr\/de\/"},{"@type":"ListItem","position":2,"name":"Wasserpark in Paray-le-Monial"}]},{"@type":"WebSite","@id":"https:\/\/www.campingaubonendroit.fr\/de\/#website","url":"https:\/\/www.campingaubonendroit.fr\/de\/","name":"Camping Bon Endroit","description":"","publisher":{"@id":"https:\/\/www.campingaubonendroit.fr\/de\/#organization"},"potentialAction":[{"@type":"SearchAction","target":{"@type":"EntryPoint","urlTemplate":"https:\/\/www.campingaubonendroit.fr\/de\/?s={search_term_string}"},"query-input":{"@type":"PropertyValueSpecification","valueRequired":true,"valueName":"search_term_string"}}],"inLanguage":"de"},{"@type":"Organization","@id":"https:\/\/www.campingaubonendroit.fr\/de\/#organization","name":"Camping Au Bon Endroit","url":"https:\/\/www.campingaubonendroit.fr\/de\/","logo":{"@type":"ImageObject","inLanguage":"de","@id":"https:\/\/www.campingaubonendroit.fr\/de\/#\/schema\/logo\/image\/","url":"https:\/\/www.campingaubonendroit.fr\/wp-content\/uploads\/2021\/12\/camping-bon-endroit-logo.png","contentUrl":"https:\/\/www.campingaubonendroit.fr\/wp-content\/uploads\/2021\/12\/camping-bon-endroit-logo.png","width":274,"height":222,"caption":"Camping Au Bon Endroit"},"image":{"@id":"https:\/\/www.campingaubonendroit.fr\/de\/#\/schema\/logo\/image\/"}}]}},"_links":{"self":[{"href":"https:\/\/www.campingaubonendroit.fr\/de\/wp-json\/wp\/v2\/pages\/2560"}],"collection":[{"href":"https:\/\/www.campingaubonendroit.fr\/de\/wp-json\/wp\/v2\/pages"}],"about":[{"href":"https:\/\/www.campingaubonendroit.fr\/de\/wp-json\/wp\/v2\/types\/page"}],"author":[{"embeddable":true,"href":"https:\/\/www.campingaubonendroit.fr\/de\/wp-json\/wp\/v2\/users\/1"}],"replies":[{"embeddable":true,"href":"https:\/\/www.campingaubonendroit.fr\/de\/wp-json\/wp\/v2\/comments?post=2560"}],"version-history":[{"count":8,"href":"https:\/\/www.campingaubonendroit.fr\/de\/wp-json\/wp\/v2\/pages\/2560\/revisions"}],"predecessor-version":[{"id":3045,"href":"https:\/\/www.campingaubonendroit.fr\/de\/wp-json\/wp\/v2\/pages\/2560\/revisions\/3045"}],"wp:featuredmedia":[{"embeddable":true,"href":"https:\/\/www.campingaubonendroit.fr\/de\/wp-json\/wp\/v2\/media\/1749"}],"wp:attachment":[{"href":"https:\/\/www.campingaubonendroit.fr\/de\/wp-json\/wp\/v2\/media?parent=2560"}],"curies":[{"name":"wp","href":"https:\/\/api.w.org\/{rel}","templated":true}]}}